{"id":1389,"date":"2025-11-07T18:03:39","date_gmt":"2025-11-07T18:03:39","guid":{"rendered":"https:\/\/agpazteca.com\/it\/?post_type=product&#038;p=1389"},"modified":"2026-02-04T18:32:21","modified_gmt":"2026-02-04T18:32:21","slug":"acoples-n-eupex-y-n-eupex-ds","status":"publish","type":"product","link":"https:\/\/agpazteca.com\/it\/producto\/acoples-n-eupex-y-n-eupex-ds\/","title":{"rendered":"Acoples N-Eupex y N-Eupex DS"},"content":{"rendered":"<p>El acople N-EUPEX est\u00e1 disponible en el cat\u00e1logo est\u00e1ndar en 23 tama\u00f1os con par nominal de 19\u00a0Nm a 62000\u00a0Nm. El acople se puede utilizar a una temperatura ambiente de \u201330 \u00b0C a +80 \u00b0C. Utilizando elementos de elast\u00f3mero alternativos se puede admitir una temperatura ambiente de \u201350\u00a0\u00b0C a +100\u00a0\u00b0C.<\/p>\n<p>El acople se suele utilizar para unir el motor con el eje de entrada del reductor. Este acople es especialmente apto para accionamientos con carga entre uniforme y medio din\u00e1mica. Algunos ejemplos de aplicaci\u00f3n son accionamientos para bombas, para ventiladores o mecanismos de traslaci\u00f3n de gr\u00faas. Adem\u00e1s, el N-EUPEX se utiliza como acople adicional a acoples hidrodin\u00e1micos FLUDEX o acoples de seguridad ARPEX AKR, entre otros.<\/p>\n<p>En accionamientos con motor diesel, el acople N-EUPEX resulta id\u00f3neo para m\u00e1quinas accionadas con reducido momento de inercia. En accionamientos de motores diesel se debe verificar la carga din\u00e1mica real del acople ya sea haciendo mediciones o calculando las vibraciones torsionales.<\/p>\n<p><b>Beneficios<\/b><\/p>\n<p>El acople N-EUPEX est\u00e1 dise\u00f1ado siguiendo un principio modular muy sencillo. Conforme a los requisitos de cada caso, los tipos N-EUPEX se agrupan en m\u00f3dulos o conjuntos. El acople se monta sin mayores complicaciones, juntando los semiacoples. El desgaste se limita a los paquetes de elast\u00f3mero, que se han de recambiar una vez finalizada su vida \u00fatil.<br \/>\nDependiendo del tipo de acople, los paquetes de elast\u00f3mero se pueden recambiar sin necesidad de desplazar las m\u00e1quinas acopladas.<br \/>\nLos componentes del acople se suministran de f\u00e1brica a corto plazo normalmente ya preparados con agujero acabado, chavetero, rosca para prisionero y equilibrado.<\/p>\n","protected":false},"excerpt":{"rendered":"<p>Los acoples de garras N-EUPEX y N-EUPEX DS unen ejes de m\u00e1quina. Compensan la desalineaci\u00f3n entre ejes, pero generando fuerzas de reacci\u00f3n reducidas.<\/p>\n<p>El par se transmite a trav\u00e9s de paquetes de elast\u00f3mero, por lo que el acople tiene propiedades el\u00e1sticas.<\/p>\n<p>El acople N-EUPEX es capaz de soportar una sobrecarga. La serie N-EUPEX DS, por el contrario, est\u00e1 dise\u00f1ada de tal modo que los paquetes de elast\u00f3mero se destruyen en caso de sobrecarga o desgaste avanzado. Cuando esto ocurre, las partes met\u00e1licas del N-EUPEX DS puede rotar libremente sin entrar en contacto.<\/p>\n","protected":false},"featured_media":2014,"comment_status":"closed","ping_status":"closed","template":"","meta":[],"product_brand":[88],"product_cat":[86,87],"product_tag":[],"class_list":{"0":"post-1389","1":"product","2":"type-product","3":"status-publish","4":"has-post-thumbnail","6":"product_brand-flender","7":"product_cat-acoples","8":"product_cat-acoples-elasticos","10":"first","11":"instock","12":"shipping-taxable","13":"product-type-simple"},"_links":{"self":[{"href":"https:\/\/agpazteca.com\/it\/wp-json\/wp\/v2\/product\/1389","targetHints":{"allow":["GET"]}}],"collection":[{"href":"https:\/\/agpazteca.com\/it\/wp-json\/wp\/v2\/product"}],"about":[{"href":"https:\/\/agpazteca.com\/it\/wp-json\/wp\/v2\/types\/product"}],"replies":[{"embeddable":true,"href":"https:\/\/agpazteca.com\/it\/wp-json\/wp\/v2\/comments?post=1389"}],"wp:featuredmedia":[{"embeddable":true,"href":"https:\/\/agpazteca.com\/it\/wp-json\/wp\/v2\/media\/2014"}],"wp:attachment":[{"href":"https:\/\/agpazteca.com\/it\/wp-json\/wp\/v2\/media?parent=1389"}],"wp:term":[{"taxonomy":"product_brand","embeddable":true,"href":"https:\/\/agpazteca.com\/it\/wp-json\/wp\/v2\/product_brand?post=1389"},{"taxonomy":"product_cat","embeddable":true,"href":"https:\/\/agpazteca.com\/it\/wp-json\/wp\/v2\/product_cat?post=1389"},{"taxonomy":"product_tag","embeddable":true,"href":"https:\/\/agpazteca.com\/it\/wp-json\/wp\/v2\/product_tag?post=1389"}],"curies":[{"name":"wp","href":"https:\/\/api.w.org\/{rel}","templated":true}]}}