{"id":3057,"date":"2026-02-20T17:39:09","date_gmt":"2026-02-20T17:39:09","guid":{"rendered":"https:\/\/agpazteca.com\/it\/?post_type=product&#038;p=3057"},"modified":"2026-02-20T17:42:10","modified_gmt":"2026-02-20T17:42:10","slug":"acoples-bipex","status":"publish","type":"product","link":"https:\/\/agpazteca.com\/it\/producto\/acoples-bipex\/","title":{"rendered":"Acoples Bipex"},"content":{"rendered":"<p>Los acoples BIPEX son aptos para montarlos en posici\u00f3n horizontal, vertical o con cualquier inclinaci\u00f3n. Las partes del acople se pueden disponer en cualquier orden sobre los extremos de los ejes que se van a acoplar.<\/p>\n<p>El anillo de levas se monta con poco juego y provoca una rigidez torsional progresiva; es decir, cuanto m\u00e1s se aprovecha la capacidad de carga del acople, mayor es la rigidez torsional.<\/p>\n<p>El acople BIPEX es de seguridad positiva, es decir, cuando el anillo de levas est\u00e1 desgastado, las levas de fundici\u00f3n del cubo del acople cumplen las \u201cpropiedades de resistencia para la marcha en seco\u201d.<\/p>\n<p><b>Campo de aplicaci\u00f3n<\/b><\/p>\n<p>El acople BIPEX est\u00e1 disponible en el cat\u00e1logo est\u00e1ndar en 13 tama\u00f1os que cubren pares nominales de 13,5\u00a0Nm a 3700\u00a0Nm. El acople es apto para temperaturas ambiente de \u201330 \u00b0C a +80 \u00b0C.<\/p>\n<p>Los acoples BIPEX son muy apropiados para transmisiones con motores el\u00e9ctricos con par de carga uniforme que est\u00e9n bien alineados. Un uso muy frecuente de los acoples es BIPEX es montados en linternas o campanas de motor.<\/p>\n","protected":false},"excerpt":{"rendered":"<p><b>Acoples\u00a0<\/b><b>el\u00e1sticos a la\u00a0<\/b><b>torsi\u00f3n BIPEX<\/b><\/p>\n<p>Los acoples BIPEX son el\u00e1sticos a la torsi\u00f3n y tienen un reducido juego de torsi\u00f3n. Se caracterizan por su dise\u00f1o ultracompacto. Los acoples BIPEX unen ejes de m\u00e1quinas.<\/p>\n<p>Los acoples BIPEX son muy apropiados para transmisiones con motor el\u00e9ctrico y par de carga uniforme que est\u00e9n bien alineados a las m\u00e1quinas accionadas.<\/p>\n","protected":false},"featured_media":3058,"comment_status":"open","ping_status":"closed","template":"","meta":[],"product_brand":[88],"product_cat":[86,87],"product_tag":[],"class_list":{"0":"post-3057","1":"product","2":"type-product","3":"status-publish","4":"has-post-thumbnail","6":"product_brand-flender","7":"product_cat-acoples","8":"product_cat-acoples-elasticos","10":"first","11":"instock","12":"shipping-taxable","13":"product-type-simple"},"_links":{"self":[{"href":"https:\/\/agpazteca.com\/it\/wp-json\/wp\/v2\/product\/3057","targetHints":{"allow":["GET"]}}],"collection":[{"href":"https:\/\/agpazteca.com\/it\/wp-json\/wp\/v2\/product"}],"about":[{"href":"https:\/\/agpazteca.com\/it\/wp-json\/wp\/v2\/types\/product"}],"replies":[{"embeddable":true,"href":"https:\/\/agpazteca.com\/it\/wp-json\/wp\/v2\/comments?post=3057"}],"wp:featuredmedia":[{"embeddable":true,"href":"https:\/\/agpazteca.com\/it\/wp-json\/wp\/v2\/media\/3058"}],"wp:attachment":[{"href":"https:\/\/agpazteca.com\/it\/wp-json\/wp\/v2\/media?parent=3057"}],"wp:term":[{"taxonomy":"product_brand","embeddable":true,"href":"https:\/\/agpazteca.com\/it\/wp-json\/wp\/v2\/product_brand?post=3057"},{"taxonomy":"product_cat","embeddable":true,"href":"https:\/\/agpazteca.com\/it\/wp-json\/wp\/v2\/product_cat?post=3057"},{"taxonomy":"product_tag","embeddable":true,"href":"https:\/\/agpazteca.com\/it\/wp-json\/wp\/v2\/product_tag?post=3057"}],"curies":[{"name":"wp","href":"https:\/\/api.w.org\/{rel}","templated":true}]}}