{"id":3080,"date":"2026-02-23T20:51:54","date_gmt":"2026-02-23T20:51:54","guid":{"rendered":"https:\/\/agpazteca.com\/it\/?post_type=product&#038;p=3080"},"modified":"2026-02-23T20:51:54","modified_gmt":"2026-02-23T20:51:54","slug":"ventilacion-forzada","status":"publish","type":"product","link":"https:\/\/agpazteca.com\/it\/producto\/ventilacion-forzada\/","title":{"rendered":"Ventilacion forzada"},"content":{"rendered":"<p>Para mayores detalles contacte a nuestros asesores.<\/p>\n","protected":false},"excerpt":{"rendered":"<p>La empresa Kurt Maier Motor Press-GmbH cuenta con centros de producci\u00f3n en Alemania y Europa del Sur.<\/p>\n<p>KMMP tiene sistemas de ventilaci\u00f3n forzada\u00a0\u00a0est\u00e1ndar para motores el\u00e9ctricos de tama\u00f1o de marco IEC 56 hasta IEC 400.<\/p>\n","protected":false},"featured_media":3081,"comment_status":"closed","ping_status":"closed","template":"","meta":[],"product_brand":[117],"product_cat":[114],"product_tag":[],"class_list":{"0":"post-3080","1":"product","2":"type-product","3":"status-publish","4":"has-post-thumbnail","6":"product_brand-kurt-maier","7":"product_cat-ventilacion-forzada","9":"first","10":"instock","11":"shipping-taxable","12":"product-type-simple"},"_links":{"self":[{"href":"https:\/\/agpazteca.com\/it\/wp-json\/wp\/v2\/product\/3080","targetHints":{"allow":["GET"]}}],"collection":[{"href":"https:\/\/agpazteca.com\/it\/wp-json\/wp\/v2\/product"}],"about":[{"href":"https:\/\/agpazteca.com\/it\/wp-json\/wp\/v2\/types\/product"}],"replies":[{"embeddable":true,"href":"https:\/\/agpazteca.com\/it\/wp-json\/wp\/v2\/comments?post=3080"}],"wp:featuredmedia":[{"embeddable":true,"href":"https:\/\/agpazteca.com\/it\/wp-json\/wp\/v2\/media\/3081"}],"wp:attachment":[{"href":"https:\/\/agpazteca.com\/it\/wp-json\/wp\/v2\/media?parent=3080"}],"wp:term":[{"taxonomy":"product_brand","embeddable":true,"href":"https:\/\/agpazteca.com\/it\/wp-json\/wp\/v2\/product_brand?post=3080"},{"taxonomy":"product_cat","embeddable":true,"href":"https:\/\/agpazteca.com\/it\/wp-json\/wp\/v2\/product_cat?post=3080"},{"taxonomy":"product_tag","embeddable":true,"href":"https:\/\/agpazteca.com\/it\/wp-json\/wp\/v2\/product_tag?post=3080"}],"curies":[{"name":"wp","href":"https:\/\/api.w.org\/{rel}","templated":true}]}}