{"id":3089,"date":"2026-02-23T22:08:33","date_gmt":"2026-02-23T22:08:33","guid":{"rendered":"https:\/\/agpazteca.com\/it\/?post_type=product&#038;p=3089"},"modified":"2026-02-23T22:08:33","modified_gmt":"2026-02-23T22:08:33","slug":"freno-de-tambor","status":"publish","type":"product","link":"https:\/\/agpazteca.com\/it\/producto\/freno-de-tambor\/","title":{"rendered":"Freno de tambor"},"content":{"rendered":"<p>Los frenos de tambor serie TE que se muestran aqu\u00ed se han desarrollado utilizando tecnolog\u00eda de freno industrial t\u00e9cnica de acuerdo con la norma DIN 15435.<\/p>\n<p>Estos frenos est\u00e1n para el uso cuando un par de frenado constante es de la mayor importancia no s\u00f3lo por razones de seguridad, sino tambi\u00e9n desde un punto de vista comercial.<\/p>\n","protected":false},"excerpt":{"rendered":"<p><strong>Campo de aplicacion<\/strong><\/p>\n<p>Este modelo robusto fue dise\u00f1ado particularmente para su uso en plantas de ingenier\u00eda en general, metalurgia, gr\u00faas y transportadoras, para uso tanto bajo tierra y sobre la tierra, as\u00ed como en las plantas de turbinas de viento.<\/p>\n","protected":false},"featured_media":3090,"comment_status":"open","ping_status":"closed","template":"","meta":[],"product_brand":[119],"product_cat":[116,113],"product_tag":[],"class_list":{"0":"post-3089","1":"product","2":"type-product","3":"status-publish","4":"has-post-thumbnail","6":"product_brand-sibre","7":"product_cat-freno-de-tambor","8":"product_cat-frenos","10":"first","11":"instock","12":"shipping-taxable","13":"product-type-simple"},"_links":{"self":[{"href":"https:\/\/agpazteca.com\/it\/wp-json\/wp\/v2\/product\/3089","targetHints":{"allow":["GET"]}}],"collection":[{"href":"https:\/\/agpazteca.com\/it\/wp-json\/wp\/v2\/product"}],"about":[{"href":"https:\/\/agpazteca.com\/it\/wp-json\/wp\/v2\/types\/product"}],"replies":[{"embeddable":true,"href":"https:\/\/agpazteca.com\/it\/wp-json\/wp\/v2\/comments?post=3089"}],"wp:featuredmedia":[{"embeddable":true,"href":"https:\/\/agpazteca.com\/it\/wp-json\/wp\/v2\/media\/3090"}],"wp:attachment":[{"href":"https:\/\/agpazteca.com\/it\/wp-json\/wp\/v2\/media?parent=3089"}],"wp:term":[{"taxonomy":"product_brand","embeddable":true,"href":"https:\/\/agpazteca.com\/it\/wp-json\/wp\/v2\/product_brand?post=3089"},{"taxonomy":"product_cat","embeddable":true,"href":"https:\/\/agpazteca.com\/it\/wp-json\/wp\/v2\/product_cat?post=3089"},{"taxonomy":"product_tag","embeddable":true,"href":"https:\/\/agpazteca.com\/it\/wp-json\/wp\/v2\/product_tag?post=3089"}],"curies":[{"name":"wp","href":"https:\/\/api.w.org\/{rel}","templated":true}]}}