{"id":3091,"date":"2026-02-23T22:37:15","date_gmt":"2026-02-23T22:37:15","guid":{"rendered":"https:\/\/agpazteca.com\/it\/?post_type=product&#038;p=3091"},"modified":"2026-02-23T22:37:16","modified_gmt":"2026-02-23T22:37:16","slug":"freno-de-disco-tipo-usb","status":"publish","type":"product","link":"https:\/\/agpazteca.com\/it\/producto\/freno-de-disco-tipo-usb\/","title":{"rendered":"Freno de disco tipo USB"},"content":{"rendered":"<p>El tipo de frenos de disco USB se han dise\u00f1ado teniendo en cuenta las demandas espec\u00edficas de gr\u00faas, aplicaciones \u00a0de elevaci\u00f3n y manejo de materiales, que son el resultado de la continua investigaci\u00f3n y desarrollo realizado por Sibre.<\/p>\n<p>En combinaci\u00f3n con otra mejora del compensador de desgaste de Sibre, sus ventajas permiten considerar el tipo de frenos USB, como el primer freno de disco pr\u00e1cticamente sin \u00a0mantenimiento.<\/p>\n<p>La familia de frenos USB comprende varios tama\u00f1os y por lo tanto proporciona soluciones para muchas tareas de freno.<\/p>\n","protected":false},"excerpt":{"rendered":"<p><b>Frenos para servicio\u00a0<\/b><b>o\u00a0<\/b><b>parada\u00a0<\/b><b>de emergencia para:<\/b><\/p>\n<ul>\n<li>Gr\u00faas de contenedores.<\/li>\n<li>Cintas transportadoras.<\/li>\n<li>Excavadoras de rodete.<\/li>\n<\/ul>\n","protected":false},"featured_media":3092,"comment_status":"closed","ping_status":"closed","template":"","meta":[],"product_brand":[119],"product_cat":[115,113],"product_tag":[],"class_list":{"0":"post-3091","1":"product","2":"type-product","3":"status-publish","4":"has-post-thumbnail","6":"product_brand-sibre","7":"product_cat-freno-de-disco","8":"product_cat-frenos","10":"first","11":"instock","12":"shipping-taxable","13":"product-type-simple"},"_links":{"self":[{"href":"https:\/\/agpazteca.com\/it\/wp-json\/wp\/v2\/product\/3091","targetHints":{"allow":["GET"]}}],"collection":[{"href":"https:\/\/agpazteca.com\/it\/wp-json\/wp\/v2\/product"}],"about":[{"href":"https:\/\/agpazteca.com\/it\/wp-json\/wp\/v2\/types\/product"}],"replies":[{"embeddable":true,"href":"https:\/\/agpazteca.com\/it\/wp-json\/wp\/v2\/comments?post=3091"}],"wp:featuredmedia":[{"embeddable":true,"href":"https:\/\/agpazteca.com\/it\/wp-json\/wp\/v2\/media\/3092"}],"wp:attachment":[{"href":"https:\/\/agpazteca.com\/it\/wp-json\/wp\/v2\/media?parent=3091"}],"wp:term":[{"taxonomy":"product_brand","embeddable":true,"href":"https:\/\/agpazteca.com\/it\/wp-json\/wp\/v2\/product_brand?post=3091"},{"taxonomy":"product_cat","embeddable":true,"href":"https:\/\/agpazteca.com\/it\/wp-json\/wp\/v2\/product_cat?post=3091"},{"taxonomy":"product_tag","embeddable":true,"href":"https:\/\/agpazteca.com\/it\/wp-json\/wp\/v2\/product_tag?post=3091"}],"curies":[{"name":"wp","href":"https:\/\/api.w.org\/{rel}","templated":true}]}}