{"id":3093,"date":"2026-02-24T13:01:07","date_gmt":"2026-02-24T13:01:07","guid":{"rendered":"https:\/\/agpazteca.com\/it\/?post_type=product&#038;p=3093"},"modified":"2026-02-24T19:22:41","modified_gmt":"2026-02-24T19:22:41","slug":"reductor-flender-estandar-fzg","status":"publish","type":"product","link":"https:\/\/agpazteca.com\/it\/producto\/reductor-flender-estandar-fzg\/","title":{"rendered":"Reductor Flender Estandar FZG"},"content":{"rendered":"<p>Con m\u00e1s de 300 000 reductores entregados desde su introducci\u00f3n al mercado en 1991 la serie de engranaje industrial m\u00e1s vendida en el mundo. FZG fue la gu\u00eda para otras l\u00edneas de productos en el mercado actual y es el fundamento de la nueva serie de reductores industriales est\u00e1ndar FLENDER SIG. Hemos adquirido una amplia experiencia a trav\u00e9s de d\u00e9cadas de experiencia en casi todos los sectores de la producci\u00f3n de materias primas, la industria y procesos. El portafolio de reductores FZG va desde reductores est\u00e1ndar universales a trav\u00e9s de reductores de soluciones espec\u00edficas para el cliente.<\/p>\n<p>Las posibilidades que ofrecen nuestros reductores lo\u00a0 convencer\u00e1n. Nuestros poderosos\u00a0 reductores est\u00e1ndar pueden usarse universalmente en muchos campos de aplicaci\u00f3n. Nuestros reductores relacionados con las aplicaciones son dise\u00f1os muy especializados y estandarizados para sectores industriales espec\u00edficos. Con nuestros reductores\u00a0 est\u00e1ndar y los espec\u00edficos de aplicaciones, brindan\u00a0 beneficios, sobre todo, por la excelente relaci\u00f3n calidad-precio, la calidad de primera clase y los plazos de entrega cortos.<\/p>\n<p><b>Ventajas:<\/b><\/p>\n<ul>\n<li>Producto Probado.<\/li>\n<li>Alta disponibilidad debido a la m\u00e1xima vida \u00fatil de los rodamientos<\/li>\n<li>Sistema modular normalizado para posiciones de montaje vertical y horizontal<\/li>\n<li>Gran diversidad debido a 37 tipos con eje macizo o dos ejes huecos diferentes<\/li>\n<li>Disponible con sellos a prueba de polvo Taconite, sellos de laberinto sin contacto o la combinaci\u00f3n de ambos<\/li>\n<li>Refrigeraci\u00f3n adicional con intercambiador interno de calor agua-aceite, eje del ventilador accionado o unidad de refrigeraci\u00f3n independiente<\/li>\n<li>R\u00e1pida disponibilidad en todo el mundo<\/li>\n<li>Alta seguridad de funcionamiento<\/li>\n<li>Posici\u00f3n de montaje vertical con lubricaci\u00f3n por inmersi\u00f3n con la unidad de expansi\u00f3n de aceite o lubricaci\u00f3n forzada<\/li>\n<\/ul>\n","protected":false},"excerpt":{"rendered":"<p><b>Aplicaciones T\u00edpicas<\/b><\/p>\n<ul>\n<li>Unidades transportadoras.<\/li>\n<li>Accionamientos de elevaci\u00f3n.<\/li>\n<li>Unidades de viaje.<\/li>\n<li>Unidades de tornillo de alimentaci\u00f3n de agua.<\/li>\n<li>Elevador de cangilones.<\/li>\n<li>Accionamientos de m\u00e1quinas de papel.<\/li>\n<li>Unidades ventilador.<\/li>\n<li>Unidades de bombeo.<\/li>\n<li>Unidades Soplador.<\/li>\n<li>Unidades de mezcla.<\/li>\n<li>Unidades\u00a0 de aireador.<\/li>\n<li>Unidades de turbinas de agua.<\/li>\n<li>Molino accionado con conexi\u00f3n de acoplamiento de rueda libre.<\/li>\n<\/ul>\n","protected":false},"featured_media":3095,"comment_status":"closed","ping_status":"closed","template":"","meta":[],"product_brand":[88],"product_cat":[106,103],"product_tag":[],"class_list":{"0":"post-3093","1":"product","2":"type-product","3":"status-publish","4":"has-post-thumbnail","6":"product_brand-flender","7":"product_cat-reductor-fzg-flender","8":"product_cat-reductores-de-velocidad-flender","10":"first","11":"instock","12":"shipping-taxable","13":"product-type-simple"},"_links":{"self":[{"href":"https:\/\/agpazteca.com\/it\/wp-json\/wp\/v2\/product\/3093","targetHints":{"allow":["GET"]}}],"collection":[{"href":"https:\/\/agpazteca.com\/it\/wp-json\/wp\/v2\/product"}],"about":[{"href":"https:\/\/agpazteca.com\/it\/wp-json\/wp\/v2\/types\/product"}],"replies":[{"embeddable":true,"href":"https:\/\/agpazteca.com\/it\/wp-json\/wp\/v2\/comments?post=3093"}],"wp:featuredmedia":[{"embeddable":true,"href":"https:\/\/agpazteca.com\/it\/wp-json\/wp\/v2\/media\/3095"}],"wp:attachment":[{"href":"https:\/\/agpazteca.com\/it\/wp-json\/wp\/v2\/media?parent=3093"}],"wp:term":[{"taxonomy":"product_brand","embeddable":true,"href":"https:\/\/agpazteca.com\/it\/wp-json\/wp\/v2\/product_brand?post=3093"},{"taxonomy":"product_cat","embeddable":true,"href":"https:\/\/agpazteca.com\/it\/wp-json\/wp\/v2\/product_cat?post=3093"},{"taxonomy":"product_tag","embeddable":true,"href":"https:\/\/agpazteca.com\/it\/wp-json\/wp\/v2\/product_tag?post=3093"}],"curies":[{"name":"wp","href":"https:\/\/api.w.org\/{rel}","templated":true}]}}