{"id":3096,"date":"2026-02-24T13:37:32","date_gmt":"2026-02-24T13:37:32","guid":{"rendered":"https:\/\/agpazteca.com\/it\/?post_type=product&#038;p=3096"},"modified":"2026-02-24T13:37:33","modified_gmt":"2026-02-24T13:37:33","slug":"reductor-flender-planetario-sip","status":"publish","type":"product","link":"https:\/\/agpazteca.com\/it\/producto\/reductor-flender-planetario-sip\/","title":{"rendered":"Reductor Flender Planetario SIP"},"content":{"rendered":"<p><b>Maximo rendimiento de larga duraci\u00f3n: La nueva serie reductor planetario para la m\u00e1xima fiabilidad del proceso.<\/b><\/p>\n<p><b>Reductores planetarios rentables para los requisitos m\u00e1s\u00a0<\/b><b>altos.<\/b><\/p>\n<p>Al operar las unidades dise\u00f1adas para una vida \u00fatil que tiene l\u00edmites, a menudo es dif\u00edcil hacer un seguimiento de las unidades que ya han alcanzado o incluso superado el final de su vida \u00fatil. A menudo se tiene que preguntar cu\u00e1nto tiempo m\u00e1s continuar\u00e1 la unidad operando y si usted va a obtener un reemplazo r\u00e1pidamente si falla, desempe\u00f1o propio dif\u00edcil de calcular.<\/p>\n<p>Cuando los costos, el rendimiento y la disponibilidad tienen que ir de la mano es donde FLENDER SIP entra en escena.<\/p>\n<p><b>Rendimiento\u00a0<\/b><b>fiable<\/b><\/p>\n<p>A partir de ahora, ya no es necesario prescindir de probada calidad Siemens. La tecnolog\u00eda de los resultados de la serie FLENDER SIP en una unidad de engranaje planetario muy alto rendimiento, que no s\u00f3lo cuenta con un precio impresionante, pero tambi\u00e9n ofrece muy bajos costos de ciclo de vida como el criterio decisivo para el usuario. M\u00e1xima fiabilidad, versatilidad pr\u00e1ctico, y muy alta disponibilidad se combinan para crear una soluci\u00f3n de reductor para satisfacer todas y cada necesidad del cliente.<\/p>\n<p><b>Dise\u00f1o de resistencia a la fatiga de larga duraci\u00f3n<\/b><\/p>\n<p>La m\u00e1xima disponibilidad de sus sistemas ha sido durante mucho tiempo en el centro de nuestro trabajo de investigaci\u00f3n y desarrollo. Por esta raz\u00f3n, hemos dise\u00f1ado la serie FLENDER SIP para ser resistente a la fatiga y de larga duraci\u00f3n. Adem\u00e1s, el dise\u00f1o revolucionario utiliza las partes m\u00e1s altas de componentes de calidad. Para usted, eso significa que la m\u00e1xima fiabilidad y rendimiento sostenible.<\/p>\n<p><b>Rendimiento de entrega<\/b><\/p>\n<p>Podemos garantizar la alta fiabilidad de entrega de FLENDER SIP en el largo plazo. \u00bfC\u00f3mo lo hacemos? El concepto FLENDER SIP siempre se adhiere al principio de flexibilidad. Nuestro innovador proceso de valor a\u00f1adido no s\u00f3lo garantiza una calidad \u00fanica y consistente, sino que tambi\u00e9n se centra especialmente en la necesidad de que la fiabilidad de entrega.<\/p>\n<p><b>La gama de productos<\/b><\/p>\n<p>Con FLENDER SIP, usted tiene a su disposici\u00f3n una gama de productos finamente graduada con seis etapas de transmisi\u00f3n en ocho tama\u00f1os, la entrega de los pares en un rango de 10.000 a 80.000 Nm, de forma natural en un gran n\u00famero de variantes: eje cil\u00edndrico con chavetero , eje hueco con anillo de contracci\u00f3n, eje de brida y eje hueco con un perfil estriado. Juntas Taconite tambi\u00e9n est\u00e1n disponibles opcionalmente. Pon a prueba nuestra tecnolog\u00eda innovadora.<\/p>\n","protected":false},"excerpt":{"rendered":"<p><b>Aplicaciones T\u00edpicas<\/b><\/p>\n<ul>\n<li>Alimentador tipo delantal.<\/li>\n<li>Trituraci\u00f3n.<\/li>\n<li>Mezcladores.<\/li>\n<li>Tecnolog\u00eda de filtraci\u00f3n.<\/li>\n<li>Reactores.<\/li>\n<li>Unidades viajeras.<\/li>\n<li>Tratamiento de aguas.<\/li>\n<\/ul>\n","protected":false},"featured_media":3097,"comment_status":"closed","ping_status":"closed","template":"","meta":[],"product_brand":[88],"product_cat":[105,103],"product_tag":[],"class_list":{"0":"post-3096","1":"product","2":"type-product","3":"status-publish","4":"has-post-thumbnail","6":"product_brand-flender","7":"product_cat-reductor-sip-flender","8":"product_cat-reductores-de-velocidad-flender","10":"first","11":"instock","12":"shipping-taxable","13":"product-type-simple"},"_links":{"self":[{"href":"https:\/\/agpazteca.com\/it\/wp-json\/wp\/v2\/product\/3096","targetHints":{"allow":["GET"]}}],"collection":[{"href":"https:\/\/agpazteca.com\/it\/wp-json\/wp\/v2\/product"}],"about":[{"href":"https:\/\/agpazteca.com\/it\/wp-json\/wp\/v2\/types\/product"}],"replies":[{"embeddable":true,"href":"https:\/\/agpazteca.com\/it\/wp-json\/wp\/v2\/comments?post=3096"}],"wp:featuredmedia":[{"embeddable":true,"href":"https:\/\/agpazteca.com\/it\/wp-json\/wp\/v2\/media\/3097"}],"wp:attachment":[{"href":"https:\/\/agpazteca.com\/it\/wp-json\/wp\/v2\/media?parent=3096"}],"wp:term":[{"taxonomy":"product_brand","embeddable":true,"href":"https:\/\/agpazteca.com\/it\/wp-json\/wp\/v2\/product_brand?post=3096"},{"taxonomy":"product_cat","embeddable":true,"href":"https:\/\/agpazteca.com\/it\/wp-json\/wp\/v2\/product_cat?post=3096"},{"taxonomy":"product_tag","embeddable":true,"href":"https:\/\/agpazteca.com\/it\/wp-json\/wp\/v2\/product_tag?post=3096"}],"curies":[{"name":"wp","href":"https:\/\/api.w.org\/{rel}","templated":true}]}}