{"id":3098,"date":"2026-02-24T15:47:02","date_gmt":"2026-02-24T15:47:02","guid":{"rendered":"https:\/\/agpazteca.com\/it\/?post_type=product&#038;p=3098"},"modified":"2026-02-24T22:30:38","modified_gmt":"2026-02-24T22:30:38","slug":"reductor-flender-industrial-sig","status":"publish","type":"product","link":"https:\/\/agpazteca.com\/it\/producto\/reductor-flender-industrial-sig\/","title":{"rendered":"Reductor Flender Industrial SIG"},"content":{"rendered":"<p>Como el mayor proveedor mundial de reductores industriales, tenemos las mejores soluciones para sus aplicaciones de accionamiento. Hemos ganado amplios conocimientos a trav\u00e9s de d\u00e9cadas de experiencia en casi todos los sectores de la producci\u00f3n de materias primas, la industria y su posterior procesamiento. El portafolio de reductores FLENDER va desde reductores est\u00e1ndar universales hasta\u00a0 reductores espec\u00edficos de la aplicaci\u00f3n de soluciones espec\u00edficas para el cliente.<\/p>\n<p>Nuestros reductores est\u00e1ndar de alto rendimiento pueden usarse universalmente para muchas aplicaciones. Nuestros reductores espec\u00edficos son altamente especializados y estandarizados para sectores espec\u00edficos de la industria. Se beneficia de la excelente relaci\u00f3n calidad-precio, la calidad de primera clase y los plazos de entrega cortos para nuestros reductores est\u00e1ndar y\u00a0 de aplicaci\u00f3n espec\u00edfica.<\/p>\n<p><b>Ventajas:<\/b><\/p>\n<ul>\n<li>Incluso pares m\u00e1s altos para el mismo tama\u00f1o.<\/li>\n<li>Incluso una mayor flexibilidad debido a la posici\u00f3n de montaje adicional.<\/li>\n<li>Incluso una mayor disponibilidad de la planta debido a la mejora de la vida de los rodamientos.<\/li>\n<li>Incluso m\u00e1s cerca del par deseado por el cliente, debido a la clasificaci\u00f3n armonizada de par.<\/li>\n<li>Gran diversidad debido a 5 tipos con eje macizo o diferentes variantes de eje hueco Opcionalmente disponible con sellos Taconite a prueba de polvo.<\/li>\n<li>Si es necesario, refrigeraci\u00f3n interna o con ventilador estandarizado.<\/li>\n<li>R\u00e1pida disponibilidad en todo el mundo.<\/li>\n<li>Superior fiabilidad operativa con una mayor capacidad de potencia.<\/li>\n<\/ul>\n","protected":false},"excerpt":{"rendered":"<p><b>Aplicaciones<\/b>\u00a0<b>t\u00edpicas<\/b><\/p>\n<ul>\n<li>Unidades transportadoras.<\/li>\n<li>Engranajes para gr\u00faas.<\/li>\n<li>Bombas de tornillo Agua.<\/li>\n<li>Unidades de elevador de cangilones.<\/li>\n<li>Accionamientos de m\u00e1quinas de papel.<\/li>\n<li>Accionamientos para ventiladores.<\/li>\n<li>Accionamiento para bombas.<\/li>\n<li>Accionamientos para compresores.<\/li>\n<\/ul>\n","protected":false},"featured_media":3099,"comment_status":"closed","ping_status":"closed","template":"","meta":[],"product_brand":[88],"product_cat":[104,103],"product_tag":[],"class_list":{"0":"post-3098","1":"product","2":"type-product","3":"status-publish","4":"has-post-thumbnail","6":"product_brand-flender","7":"product_cat-reductor-sig-flender","8":"product_cat-reductores-de-velocidad-flender","10":"first","11":"instock","12":"shipping-taxable","13":"product-type-simple"},"_links":{"self":[{"href":"https:\/\/agpazteca.com\/it\/wp-json\/wp\/v2\/product\/3098","targetHints":{"allow":["GET"]}}],"collection":[{"href":"https:\/\/agpazteca.com\/it\/wp-json\/wp\/v2\/product"}],"about":[{"href":"https:\/\/agpazteca.com\/it\/wp-json\/wp\/v2\/types\/product"}],"replies":[{"embeddable":true,"href":"https:\/\/agpazteca.com\/it\/wp-json\/wp\/v2\/comments?post=3098"}],"wp:featuredmedia":[{"embeddable":true,"href":"https:\/\/agpazteca.com\/it\/wp-json\/wp\/v2\/media\/3099"}],"wp:attachment":[{"href":"https:\/\/agpazteca.com\/it\/wp-json\/wp\/v2\/media?parent=3098"}],"wp:term":[{"taxonomy":"product_brand","embeddable":true,"href":"https:\/\/agpazteca.com\/it\/wp-json\/wp\/v2\/product_brand?post=3098"},{"taxonomy":"product_cat","embeddable":true,"href":"https:\/\/agpazteca.com\/it\/wp-json\/wp\/v2\/product_cat?post=3098"},{"taxonomy":"product_tag","embeddable":true,"href":"https:\/\/agpazteca.com\/it\/wp-json\/wp\/v2\/product_tag?post=3098"}],"curies":[{"name":"wp","href":"https:\/\/api.w.org\/{rel}","templated":true}]}}