{"id":3103,"date":"2026-02-24T16:26:52","date_gmt":"2026-02-24T16:26:52","guid":{"rendered":"https:\/\/agpazteca.com\/it\/?post_type=product&#038;p=3103"},"modified":"2026-02-24T18:51:46","modified_gmt":"2026-02-24T18:51:46","slug":"acoples-elpex","status":"publish","type":"product","link":"https:\/\/agpazteca.com\/it\/producto\/acoples-elpex\/","title":{"rendered":"Acoples Elpex"},"content":{"rendered":"<p><b>Beneficios<\/b><\/p>\n<p>El acople ELPEX es apto para montarlo en posici\u00f3n horizontal, vertical o con cualquier inclinaci\u00f3n. Las partes del acople se pueden disponer en cualquier orden sobre los ejes que se van a conectar.<\/p>\n<p>Los anillos el\u00e1sticos divididos se pueden cambiar sin necesidad de desplazar las m\u00e1quinas acopladas.<\/p>\n<p>Los anillos el\u00e1sticos se montan sin juego y provocan una rigidez torsional progresiva en el acople; es decir, cuanto mayor carga soporta el acople, mayor es la rigidez torsional.<\/p>\n<p>El acople ELPEX es muy apropiado para funcionamiento con inversi\u00f3n de la marcha o funcionamiento con alternancia del sentido de la carga.<\/p>\n<p>El acople se suministra premontado. Los anillos el\u00e1sticos ya est\u00e1n montados, pero los semiacoples de tipo ENG hay que atornillarlos una vez colocados los cubos. En el caso de los acoples de tipo EFG, tras colocar el cubo s\u00f3lo hay que unir la brida exterior con la m\u00e1quina.<\/p>\n<p>Para el tipo EFG se ofrecen bridas externas con distintas medidas de conexi\u00f3n.<\/p>\n<p>Si los anillos el\u00e1sticos se estropean o desgastan, las partes met\u00e1licas pueden rotar libremente sin entrar en contacto.<\/p>\n<p><b>Campo de aplicaci\u00f3n<\/b><\/p>\n<p>El acople ELPEX est\u00e1 disponible en 9 tama\u00f1os con par nominal de 1600 Nm a 90000 Nm. El acople se puede utilizar a una temperatura ambiente de \u201340 \u00b0C a +80 \u00b0C.<\/p>\n<p>El acople ELPEX se suele utilizar para accionamientos de alta calidad que deben garantizar una larga vida \u00fatil en condiciones de funcionamiento extremas. Algunos ejemplos de aplicaci\u00f3n son, por ejemplo, accionamientos para molinos utilizados en la industria cementera, accionamientos principales y auxiliares de la industria naval o accionamientos de grandes excavadoras que funcionan con motores el\u00e9ctricos o diesel.<\/p>\n","protected":false},"excerpt":{"rendered":"<p><b>Acoples\u00a0<\/b><b>de gran elasticidad ELPEX<\/b><\/p>\n<p>Los acoples ELPEX presentan una gran elasticidad a la torsi\u00f3n y no tienen juego de torsi\u00f3n. Por su reducida rigidez torsional y su capacidad de amortiguaci\u00f3n, el acople ELPEX resulta ideal para acoplar m\u00e1quinas con curva de par muy irregular. Adem\u00e1s, los acoples ELPEX sirven para conectar m\u00e1quinas con gran desalineaci\u00f3n entre ejes.<\/p>\n<p>Las versiones est\u00e1ndar del acople ELPEX est\u00e1n disponibles en forma de uni\u00f3n eje-eje o de uni\u00f3n brida-eje. Tambi\u00e9n es posible implementar versiones a medida de la aplicaci\u00f3n. En tal caso, se ruega consultar previamente.<\/p>\n","protected":false},"featured_media":3104,"comment_status":"closed","ping_status":"closed","template":"","meta":[],"product_brand":[88],"product_cat":[86,94],"product_tag":[],"class_list":{"0":"post-3103","1":"product","2":"type-product","3":"status-publish","4":"has-post-thumbnail","6":"product_brand-flender","7":"product_cat-acoples","8":"product_cat-acoples-gran-elasticidad","10":"first","11":"instock","12":"shipping-taxable","13":"product-type-simple"},"_links":{"self":[{"href":"https:\/\/agpazteca.com\/it\/wp-json\/wp\/v2\/product\/3103","targetHints":{"allow":["GET"]}}],"collection":[{"href":"https:\/\/agpazteca.com\/it\/wp-json\/wp\/v2\/product"}],"about":[{"href":"https:\/\/agpazteca.com\/it\/wp-json\/wp\/v2\/types\/product"}],"replies":[{"embeddable":true,"href":"https:\/\/agpazteca.com\/it\/wp-json\/wp\/v2\/comments?post=3103"}],"wp:featuredmedia":[{"embeddable":true,"href":"https:\/\/agpazteca.com\/it\/wp-json\/wp\/v2\/media\/3104"}],"wp:attachment":[{"href":"https:\/\/agpazteca.com\/it\/wp-json\/wp\/v2\/media?parent=3103"}],"wp:term":[{"taxonomy":"product_brand","embeddable":true,"href":"https:\/\/agpazteca.com\/it\/wp-json\/wp\/v2\/product_brand?post=3103"},{"taxonomy":"product_cat","embeddable":true,"href":"https:\/\/agpazteca.com\/it\/wp-json\/wp\/v2\/product_cat?post=3103"},{"taxonomy":"product_tag","embeddable":true,"href":"https:\/\/agpazteca.com\/it\/wp-json\/wp\/v2\/product_tag?post=3103"}],"curies":[{"name":"wp","href":"https:\/\/api.w.org\/{rel}","templated":true}]}}