{"id":3105,"date":"2026-02-24T18:24:22","date_gmt":"2026-02-24T18:24:22","guid":{"rendered":"https:\/\/agpazteca.com\/it\/?post_type=product&#038;p=3105"},"modified":"2026-02-24T18:24:22","modified_gmt":"2026-02-24T18:24:22","slug":"acoples-elpex-b","status":"publish","type":"product","link":"https:\/\/agpazteca.com\/it\/producto\/acoples-elpex-b\/","title":{"rendered":"Acoples Elpex-B"},"content":{"rendered":"<p><b>Beneficios<\/b><\/p>\n<p>El acople ELPEX-B es apto para montarlo en posici\u00f3n horizontal, vertical o con cualquier inclinaci\u00f3n.<\/p>\n<p>El collar el\u00e1stico tiene un contorno ranurado y se puede recambiar sin necesidad de desplazar las m\u00e1quinas acopladas. El collar el\u00e1stico se monta sin juego y provoca una rigidez torsional lineal en el acople; es decir, la rigidez se mantiene constante a medida que aumenta la carga que soporta el acople. El acople ELPEX-B es muy apropiado para funcionamiento con inversi\u00f3n de la marcha o funcionamiento con alternancia del sentido de la carga. Las partes del acople se pueden disponer en cualquier orden sobre los ejes que se van a conectar.<\/p>\n<p>Si el collar el\u00e1stico se estropea o desgasta, las partes met\u00e1licas pueden rotar libremente sin entrar en contacto.<br \/>\n<b>Campo de aplicaci\u00f3n<\/b><\/p>\n<p>El acople ELPEX-B est\u00e1 disponible en el cat\u00e1logo est\u00e1ndar en 15 tama\u00f1os con par nominal de 24 Nm a 14500 Nm. Si el collar el\u00e1stico es de caucho natural, el acople se puede utilizar a una temperatura ambiente de \u201350 \u00b0C a +50 \u00b0C y, si es de caucho de cloropreno, a una temperatura ambiente de \u201315\u00a0\u00b0C bis +70\u00a0\u00b0C. El collar de caucho de cloropreno lleva la marca FRAS (Fire Resistent and AntiStatic).<\/p>\n","protected":false},"excerpt":{"rendered":"<p><b>Acoples\u00a0<\/b><b>de gran elasticidad ELPEX-B<\/b><\/p>\n<p><strong>\u00a0<\/strong>Los acoples ELPEX-B presentan una gran elasticidad a la torsi\u00f3n y no tienen juego de torsi\u00f3n. Por su reducida rigidez torsional y su capacidad de amortiguaci\u00f3n, el acople ELPEX-B resulta ideal para acoplar m\u00e1quinas con curva de par muy irregular. Adem\u00e1s, los acoples ELPEX-B sirven para conectar m\u00e1quinas con gran desalineaci\u00f3n entre ejes.<\/p>\n<p>Las versiones est\u00e1ndar del acople ELPEX-B est\u00e1n disponibles para uni\u00f3n eje-eje. Tambi\u00e9n es posible implementar versiones a medida de la aplicaci\u00f3n. En tal caso, favor consultar previamente.<\/p>\n","protected":false},"featured_media":3106,"comment_status":"closed","ping_status":"closed","template":"","meta":[],"product_brand":[88],"product_cat":[86,94],"product_tag":[],"class_list":{"0":"post-3105","1":"product","2":"type-product","3":"status-publish","4":"has-post-thumbnail","6":"product_brand-flender","7":"product_cat-acoples","8":"product_cat-acoples-gran-elasticidad","10":"first","11":"instock","12":"shipping-taxable","13":"product-type-simple"},"_links":{"self":[{"href":"https:\/\/agpazteca.com\/it\/wp-json\/wp\/v2\/product\/3105","targetHints":{"allow":["GET"]}}],"collection":[{"href":"https:\/\/agpazteca.com\/it\/wp-json\/wp\/v2\/product"}],"about":[{"href":"https:\/\/agpazteca.com\/it\/wp-json\/wp\/v2\/types\/product"}],"replies":[{"embeddable":true,"href":"https:\/\/agpazteca.com\/it\/wp-json\/wp\/v2\/comments?post=3105"}],"wp:featuredmedia":[{"embeddable":true,"href":"https:\/\/agpazteca.com\/it\/wp-json\/wp\/v2\/media\/3106"}],"wp:attachment":[{"href":"https:\/\/agpazteca.com\/it\/wp-json\/wp\/v2\/media?parent=3105"}],"wp:term":[{"taxonomy":"product_brand","embeddable":true,"href":"https:\/\/agpazteca.com\/it\/wp-json\/wp\/v2\/product_brand?post=3105"},{"taxonomy":"product_cat","embeddable":true,"href":"https:\/\/agpazteca.com\/it\/wp-json\/wp\/v2\/product_cat?post=3105"},{"taxonomy":"product_tag","embeddable":true,"href":"https:\/\/agpazteca.com\/it\/wp-json\/wp\/v2\/product_tag?post=3105"}],"curies":[{"name":"wp","href":"https:\/\/api.w.org\/{rel}","templated":true}]}}