{"id":3107,"date":"2026-02-24T18:29:15","date_gmt":"2026-02-24T18:29:15","guid":{"rendered":"https:\/\/agpazteca.com\/it\/?post_type=product&#038;p=3107"},"modified":"2026-02-24T18:30:24","modified_gmt":"2026-02-24T18:30:24","slug":"acoples-elpex-s","status":"publish","type":"product","link":"https:\/\/agpazteca.com\/it\/producto\/acoples-elpex-s\/","title":{"rendered":"Acoples Elpex-S"},"content":{"rendered":"<p><b>Beneficios<\/b><\/p>\n<p>El acople ELPEX-S es adecuado para posiciones de montaje horizontal y vertical o de montaje en cualquier \u00e1ngulo requerido. Las piezas de acople se pueden organizar como se requiere en los ejes a conectar. Acoples ELPEX-S son especialmente adecuados para el funcionamiento de inversi\u00f3n o la operaci\u00f3n con el cambio de direcciones de carga. Los elementos de disco de caucho est\u00e1n equipados pr\u00e1cticamente sin juego y dan la rigidez torsional de acople lineal, es decir, la rigidez de torsi\u00f3n permanece constante incluso cuando la carga sobre los aumentos de acople.<\/p>\n<p>Hay 4 versiones de elementos de caucho diferentes, con diferentes grados de rigidez torsional disponibles para cada tama\u00f1o de la acci\u00f3n. En ciertos tipos de los anillos flexibles se pueden cambiar sin tener que mover las m\u00e1quinas acopladas. Si se produce una sobrecarga importante, el elemento de disco de goma del acople se da\u00f1a irreparablemente, el acople lanza la carga y por lo tanto limita la sobrecarga para las condiciones de funcionamiento particulares. El acople se puede insertar y equipado por ejemplo ciego en una campana. Hay pesta\u00f1as exteriores con diferentes dimensiones de conexi\u00f3n disponibles para cada tama\u00f1o de acople.<\/p>\n<p><b>Aplicaci\u00f3n<\/b><\/p>\n<p>El acople ELPEX-S est\u00e1 disponible como un est\u00e1ndar de cat\u00e1logo en 12 tama\u00f1os con pares nominales de entre 330 Nm y 63.000 Nm. El acople es adecuado para una temperatura ambiente de entre -40 \u00b0 C y 120 \u00b0 C.<\/p>\n<p>El acople ELPEX-S se utiliza con frecuencia para las unidades de motor diesel o unidades de compresores de pist\u00f3n. Debido a que las diferentes versiones de caucho permiten que la rigidez torsional se ajuste para cumplir con los requisitos, el acople tambi\u00e9n es adecuado para las unidades que requieren una configuraci\u00f3n espec\u00edfica y que se ajuste a unas condiciones de vibraciones de torsi\u00f3n precalculadas.<\/p>\n","protected":false},"excerpt":{"rendered":"<p><b>Acoples<\/b>\u00a0<b>altamente<\/b><b>\u00a0flexibles \u2013\u00a0<\/b><b>Serie<\/b><b>\u00a0ELPEX-S<\/b><\/p>\n<p><strong>\u00a0<\/strong>Acople adecuado para entornos potencialmente explosivos.<\/p>\n<p>Los acoples ELPEX-S son altamente el\u00e1sticos a la torsi\u00f3n y debido a su baja rigidez a la torsi\u00f3n y la capacidad de amortiguaci\u00f3n son especialmente adecuados para m\u00e1quinas de acople con un patr\u00f3n altamente no uniforme de par. Tipos de acople ELPEX-S est\u00e1ndar est\u00e1n dise\u00f1ados como conexiones de brida de eje o conexiones eje-eje. Tipos relacionados con las aplicaciones pueden ser implementadas por encargo.<\/p>\n","protected":false},"featured_media":3108,"comment_status":"closed","ping_status":"closed","template":"","meta":[],"product_brand":[88],"product_cat":[86,94],"product_tag":[],"class_list":{"0":"post-3107","1":"product","2":"type-product","3":"status-publish","4":"has-post-thumbnail","6":"product_brand-flender","7":"product_cat-acoples","8":"product_cat-acoples-gran-elasticidad","10":"first","11":"instock","12":"shipping-taxable","13":"product-type-simple"},"_links":{"self":[{"href":"https:\/\/agpazteca.com\/it\/wp-json\/wp\/v2\/product\/3107","targetHints":{"allow":["GET"]}}],"collection":[{"href":"https:\/\/agpazteca.com\/it\/wp-json\/wp\/v2\/product"}],"about":[{"href":"https:\/\/agpazteca.com\/it\/wp-json\/wp\/v2\/types\/product"}],"replies":[{"embeddable":true,"href":"https:\/\/agpazteca.com\/it\/wp-json\/wp\/v2\/comments?post=3107"}],"wp:featuredmedia":[{"embeddable":true,"href":"https:\/\/agpazteca.com\/it\/wp-json\/wp\/v2\/media\/3108"}],"wp:attachment":[{"href":"https:\/\/agpazteca.com\/it\/wp-json\/wp\/v2\/media?parent=3107"}],"wp:term":[{"taxonomy":"product_brand","embeddable":true,"href":"https:\/\/agpazteca.com\/it\/wp-json\/wp\/v2\/product_brand?post=3107"},{"taxonomy":"product_cat","embeddable":true,"href":"https:\/\/agpazteca.com\/it\/wp-json\/wp\/v2\/product_cat?post=3107"},{"taxonomy":"product_tag","embeddable":true,"href":"https:\/\/agpazteca.com\/it\/wp-json\/wp\/v2\/product_tag?post=3107"}],"curies":[{"name":"wp","href":"https:\/\/api.w.org\/{rel}","templated":true}]}}