{"id":3109,"date":"2026-02-24T18:36:50","date_gmt":"2026-02-24T18:36:50","guid":{"rendered":"https:\/\/agpazteca.com\/it\/?post_type=product&#038;p=3109"},"modified":"2026-02-24T18:39:20","modified_gmt":"2026-02-24T18:39:20","slug":"acoples-fludex","status":"publish","type":"product","link":"https:\/\/agpazteca.com\/it\/producto\/acoples-fludex\/","title":{"rendered":"Acoples Fludex"},"content":{"rendered":"<p>Los FLUDEX son acoples hidrodin\u00e1micos que funcionan en base al principio F\u00f6ttinger. Los componentes de entrada y de salida del acople no est\u00e1n unidos mec\u00e1nicamente entre s\u00ed. La transmisi\u00f3n de potencia tiene lugar a trav\u00e9s del l\u00edquido que gira en el interior del acople, que es impulsado por unas paletas radiales.<\/p>\n<p>Los acoples FLUDEX limitan el par de arranque y el par m\u00e1ximo en la cadena cinem\u00e1tica; gracias al deslizamiento, facilitan el arranque del motor, sirven como protecci\u00f3n contra sobrecarga en caso de aver\u00eda y para aislar vibraciones torsionales.<\/p>\n<p>Al arrancar grandes masas, la cadena cinem\u00e1tica s\u00f3lo se acelera con el par determinado por la caracter\u00edstica del acople. El proceso de arranque se prolonga en el tiempo y la m\u00e1quina accionada se pone en marcha con suavidad y sin sacudidas.<\/p>\n<p>En situaciones excepcionales, como sobrecarga o bloqueo de la m\u00e1quina accionada, el acople FLUDEX elimina el efecto de la masa del motor y limita la carga de par m\u00e1xima en la cadena cinem\u00e1tica.<\/p>\n<p>En este caso, el acople act\u00faa como un acople de seguridad que retiene la carga hasta que el control del motor o la vigilancia del acople desconectan el accionamiento.<\/p>\n<p>Adem\u00e1s, el acople FLUDEX tiene efecto separador en caso de excitaci\u00f3n de vibraciones torsionales, las cuales son pr\u00e1cticamente absorbidas por \u00e9l cuando tienen una frecuencia &gt;5\u00a0Hz.<\/p>\n<p>Para compensar la desalineaci\u00f3n de ejes, el acople FLUDEX se combina con un acople al efecto, por ejemplo, de tipo N\u2011EUPEX.<\/p>\n<p>Todos los acoples FLUDEX est\u00e1n dotados de paletas radiales sin inclinar; por eso son aptos para ambas direcciones de giro e inversi\u00f3n de la marcha. Se pueden montar en posici\u00f3n horizontal, inclinada o vertical. A la hora de montar en posici\u00f3n inclinada o vertical acoples FLUDEX con c\u00e1mara de retardo, es necesario asegurarse de que \u00e9sta queda por debajo de la c\u00e1mara de trabajo.<\/p>\n","protected":false},"excerpt":{"rendered":"<p><b>Acoples hidrodin\u00e1micos FLUDEX<\/b><\/p>\n<p>Acople apto para atm\u00f3sferas explosivas.<\/p>\n<p><b>Campo de aplicaci\u00f3n<\/b><\/p>\n<p>El acople FLUDEX se utiliza en accionamientos para sistemas de transporte como, por ejemplo, transportadores de correa, norias y transportadores de cadena. En la industria pesada, los acoples FLUDEX se emplean, por ejemplo, para accionamientos de ruedas de cangilones, trituradoras, prensas de rodillos, mezcladoras, ventiladores industriales, bombas de alimentaci\u00f3n de calderas, compresores industriales, centrifugadoras y accionamientos auxiliares para molinos.<\/p>\n<p>Otras aplicaciones posibles son, por ejemplo, accionamientos para bombas, accionamientos por toma de fuerza (PTO) para generadores, aplicaciones e\u00f3licas y accionamientos para puertas.<\/p>\n<p>En accionamientos con motor diesel se utilizan acoples FLUDEX para m\u00e1quinas accionadas con momento de inercia elevado.<\/p>\n","protected":false},"featured_media":3110,"comment_status":"closed","ping_status":"closed","template":"","meta":[],"product_brand":[88],"product_cat":[86,96],"product_tag":[],"class_list":{"0":"post-3109","1":"product","2":"type-product","3":"status-publish","4":"has-post-thumbnail","6":"product_brand-flender","7":"product_cat-acoples","8":"product_cat-acoples-hidrodinamicos","10":"first","11":"instock","12":"shipping-taxable","13":"product-type-simple"},"_links":{"self":[{"href":"https:\/\/agpazteca.com\/it\/wp-json\/wp\/v2\/product\/3109","targetHints":{"allow":["GET"]}}],"collection":[{"href":"https:\/\/agpazteca.com\/it\/wp-json\/wp\/v2\/product"}],"about":[{"href":"https:\/\/agpazteca.com\/it\/wp-json\/wp\/v2\/types\/product"}],"replies":[{"embeddable":true,"href":"https:\/\/agpazteca.com\/it\/wp-json\/wp\/v2\/comments?post=3109"}],"wp:featuredmedia":[{"embeddable":true,"href":"https:\/\/agpazteca.com\/it\/wp-json\/wp\/v2\/media\/3110"}],"wp:attachment":[{"href":"https:\/\/agpazteca.com\/it\/wp-json\/wp\/v2\/media?parent=3109"}],"wp:term":[{"taxonomy":"product_brand","embeddable":true,"href":"https:\/\/agpazteca.com\/it\/wp-json\/wp\/v2\/product_brand?post=3109"},{"taxonomy":"product_cat","embeddable":true,"href":"https:\/\/agpazteca.com\/it\/wp-json\/wp\/v2\/product_cat?post=3109"},{"taxonomy":"product_tag","embeddable":true,"href":"https:\/\/agpazteca.com\/it\/wp-json\/wp\/v2\/product_tag?post=3109"}],"curies":[{"name":"wp","href":"https:\/\/api.w.org\/{rel}","templated":true}]}}