{"id":3111,"date":"2026-02-24T18:49:07","date_gmt":"2026-02-24T18:49:07","guid":{"rendered":"https:\/\/agpazteca.com\/it\/?post_type=product&#038;p=3111"},"modified":"2026-02-24T18:50:43","modified_gmt":"2026-02-24T18:50:43","slug":"acoples-kx-serie","status":"publish","type":"product","link":"https:\/\/agpazteca.com\/it\/producto\/acoples-kx-serie\/","title":{"rendered":"Acoples KX-Serie"},"content":{"rendered":"<p><b>Principales\u00a0<\/b><b>Caracter\u00edsticas<\/b><\/p>\n<p>Par de arranque \u00a0por debajo del 50% del par nominal del motor el\u00e9ctrico.<\/p>\n<p>Par de arranque limitado tambi\u00e9n por debajo del par nominal.<\/p>\n<p>KX permite el retiro del acople de fluido sin mover el motor el\u00e9ctrico o la m\u00e1quina accionada evitando\u00a0 la realineaci\u00f3n.<\/p>\n<p>KX tiene un tap\u00f3n fusible que en caso de operaci\u00f3n, libera el fluido del circuito de trabajo a un tanque de prevenci\u00f3n de fugas \u00a0al ambiente.<\/p>\n<p>Un dise\u00f1o de cuerpo de acero adecuado para minas subterr\u00e1neas est\u00e1 disponible.<\/p>\n<p>La operaci\u00f3n de llenado de fluido es bastante f\u00e1cil y aparte de algunos casos particulares, no se requiere para cambiar el fluido durante la prueba de arranque: el tiempo de arranque se puede optimizar mediante el cambio en las v\u00e1lvulas ajustables externamente.<\/p>\n<p>Acoplamiento hidr\u00e1ulico KX es muy adecuado para m\u00e1quinas con grandes potencias e inercias: aplicaciones t\u00edpicas son molinos y cintas transportadoras<\/p>\n<p>Tambi\u00e9n est\u00e1n disponibles certificado de acuerdo a la Directiva 94\/9 \/ CE (ATEX), que abarca todas las categor\u00edas.<\/p>\n","protected":false},"excerpt":{"rendered":"<p><b>Serie KX \u2013\u00a0<\/b><b>Acople hidrodin\u00e1mico\u00a0<\/b><b>de llenado\u00a0<\/b><b>constante<\/b><\/p>\n<p>El KX es un acople hidrodin\u00e1mico especialmente dise\u00f1ado \u00a0y patentado para poner en marcha grandes m\u00e1quinas de inercia impulsados por motores el\u00e9ctricos.<\/p>\n<p>El circuito incluye dos tanques internos conectados por una cuchara. La cuchara funciona como una bomba diferencial transfiriendo el fluido desde una c\u00e1mara a la otra y, finalmente, en el circuito de trabajo \u00a0del acople a trav\u00e9s de v\u00e1lvulas externas ajustables.<\/p>\n<p>Este doble paso permite un tiempo largo de arranque\u00a0 con\u00a0 par de arranque\u00a0 muy bajo y\u00a0 menor corriente absorbida por el motor el\u00e9ctrico, pr\u00e1cticamente a\u00edsla el efecto de la inercia de la m\u00e1quina accionada. El acople puede trabajar utilizando tanto el aceite y el agua tratada como est\u00e1ndar.<\/p>\n","protected":false},"featured_media":3112,"comment_status":"closed","ping_status":"closed","template":"","meta":[],"product_brand":[88],"product_cat":[86,96],"product_tag":[],"class_list":{"0":"post-3111","1":"product","2":"type-product","3":"status-publish","4":"has-post-thumbnail","6":"product_brand-flender","7":"product_cat-acoples","8":"product_cat-acoples-hidrodinamicos","10":"first","11":"instock","12":"shipping-taxable","13":"product-type-simple"},"_links":{"self":[{"href":"https:\/\/agpazteca.com\/it\/wp-json\/wp\/v2\/product\/3111","targetHints":{"allow":["GET"]}}],"collection":[{"href":"https:\/\/agpazteca.com\/it\/wp-json\/wp\/v2\/product"}],"about":[{"href":"https:\/\/agpazteca.com\/it\/wp-json\/wp\/v2\/types\/product"}],"replies":[{"embeddable":true,"href":"https:\/\/agpazteca.com\/it\/wp-json\/wp\/v2\/comments?post=3111"}],"wp:featuredmedia":[{"embeddable":true,"href":"https:\/\/agpazteca.com\/it\/wp-json\/wp\/v2\/media\/3112"}],"wp:attachment":[{"href":"https:\/\/agpazteca.com\/it\/wp-json\/wp\/v2\/media?parent=3111"}],"wp:term":[{"taxonomy":"product_brand","embeddable":true,"href":"https:\/\/agpazteca.com\/it\/wp-json\/wp\/v2\/product_brand?post=3111"},{"taxonomy":"product_cat","embeddable":true,"href":"https:\/\/agpazteca.com\/it\/wp-json\/wp\/v2\/product_cat?post=3111"},{"taxonomy":"product_tag","embeddable":true,"href":"https:\/\/agpazteca.com\/it\/wp-json\/wp\/v2\/product_tag?post=3111"}],"curies":[{"name":"wp","href":"https:\/\/api.w.org\/{rel}","templated":true}]}}