{"id":3113,"date":"2026-02-24T18:59:54","date_gmt":"2026-02-24T18:59:54","guid":{"rendered":"https:\/\/agpazteca.com\/it\/?post_type=product&#038;p=3113"},"modified":"2026-02-24T19:09:05","modified_gmt":"2026-02-24T19:09:05","slug":"acoples-zapex-zn","status":"publish","type":"product","link":"https:\/\/agpazteca.com\/it\/producto\/acoples-zapex-zn\/","title":{"rendered":"Acoples Zapex-ZN"},"content":{"rendered":"<p><b>Campo de aplicaci\u00f3n<\/b><\/p>\n<p>El acople ZAPEX es id\u00f3neo para funcionar en condiciones de servicio extremas como, por ejemplo, en accionamientos de la industria sider\u00fargica o cementera. Este acople es apto para funcionamiento con inversi\u00f3n de la marcha y montaje en posici\u00f3n horizontal o, en el caso del tipo ZNV, en posici\u00f3n vertical.<\/p>\n","protected":false},"excerpt":{"rendered":"<p><b>Acoples\u00a0<\/b><b>dentados r\u00edgidos a la torsi\u00f3n ZAPEX-ZN<\/b><\/p>\n<p>Acople apto para atm\u00f3sferas explosivas. El acople ZAPEX-ZN reemplaz\u00f3 al acople ZAPEX-ZI.<\/p>\n<p>Los acoples dentados ZAPEX unen ejes de m\u00e1quina y compensan la desalineaci\u00f3n entre ejes con reducidas fuerzas de reacci\u00f3n. Una caracter\u00edstica de los acoples ZAPEX es el elevado par transmisible, el reducido espacio que ocupan y el poco peso que tienen. Los distintos tipos de acople ZAPEX se basan en el principio modular: esto permite suministrar tambi\u00e9n soluciones personalizadas en un breve plazo de tiempo.<\/p>\n<p>Este acople requiere pocas tareas de mantenimiento. Si se cambia el lubricante en los plazos previstos, el acople tendr\u00e1 una larga vida \u00fatil.<\/p>\n","protected":false},"featured_media":3114,"comment_status":"closed","ping_status":"closed","template":"","meta":[],"product_brand":[88],"product_cat":[86,95],"product_tag":[],"class_list":{"0":"post-3113","1":"product","2":"type-product","3":"status-publish","4":"has-post-thumbnail","6":"product_brand-flender","7":"product_cat-acoples","8":"product_cat-acoples-rigidos","10":"first","11":"instock","12":"shipping-taxable","13":"product-type-simple"},"_links":{"self":[{"href":"https:\/\/agpazteca.com\/it\/wp-json\/wp\/v2\/product\/3113","targetHints":{"allow":["GET"]}}],"collection":[{"href":"https:\/\/agpazteca.com\/it\/wp-json\/wp\/v2\/product"}],"about":[{"href":"https:\/\/agpazteca.com\/it\/wp-json\/wp\/v2\/types\/product"}],"replies":[{"embeddable":true,"href":"https:\/\/agpazteca.com\/it\/wp-json\/wp\/v2\/comments?post=3113"}],"wp:featuredmedia":[{"embeddable":true,"href":"https:\/\/agpazteca.com\/it\/wp-json\/wp\/v2\/media\/3114"}],"wp:attachment":[{"href":"https:\/\/agpazteca.com\/it\/wp-json\/wp\/v2\/media?parent=3113"}],"wp:term":[{"taxonomy":"product_brand","embeddable":true,"href":"https:\/\/agpazteca.com\/it\/wp-json\/wp\/v2\/product_brand?post=3113"},{"taxonomy":"product_cat","embeddable":true,"href":"https:\/\/agpazteca.com\/it\/wp-json\/wp\/v2\/product_cat?post=3113"},{"taxonomy":"product_tag","embeddable":true,"href":"https:\/\/agpazteca.com\/it\/wp-json\/wp\/v2\/product_tag?post=3113"}],"curies":[{"name":"wp","href":"https:\/\/api.w.org\/{rel}","templated":true}]}}