{"id":3118,"date":"2026-02-24T19:14:38","date_gmt":"2026-02-24T19:14:38","guid":{"rendered":"https:\/\/agpazteca.com\/it\/?post_type=product&#038;p=3118"},"modified":"2026-02-24T19:16:23","modified_gmt":"2026-02-24T19:16:23","slug":"acoples-arpex","status":"publish","type":"product","link":"https:\/\/agpazteca.com\/it\/producto\/acoples-arpex\/","title":{"rendered":"Acoples Arpex"},"content":{"rendered":"<p>Los acoples ARPEX no sufren desgaste y, bien dimensionados y montados, tienen una vida \u00fatil casi ilimitada. En la mayor parte de sus tipos es posible realizar un montaje radial del espaciador sin necesidad de desplazar la m\u00e1quina conectada al accionamiento o la m\u00e1quina accionada.<\/p>\n<p>Gracias a la gran cantidad de componentes est\u00e1ndar disponibles, los acoples ARPEX se pueden combinar para formar numerosos tipos de caracter\u00edsticas diferentes. De este modo se pueden utilizar acoples est\u00e1ndar con muchos accionamientos.<\/p>\n<p>Los acoples ARPEX pueden funcionar a temperaturas de<br \/>\n\u201340\u00a0\u00b0C a +280\u00a0\u00b0C. Adoptando medidas especiales tambi\u00e9n se pueden utilizar en otros rangos de temperatura. Para dichos casos, favor consultar.<\/p>\n<p>Acople ARPEX opcional, apto para atm\u00f3sferas explosivas.<br \/>\n<b><\/b><\/p>\n<p><b>Campo de aplicaci\u00f3n<\/b><\/p>\n<p>Los acoples ARPEX est\u00e1n disponibles en el cat\u00e1logo est\u00e1ndar con par nominal de 92\u00a0Nm a 1450000\u00a0Nm y est\u00e1n divididos en varios tipos. Por la gran variedad de series que tiene, el acople ARPEX es considerado como la soluci\u00f3n universal que cumple casi todos los requisitos relacionados con el par y la velocidad para maquinaria en general.<\/p>\n","protected":false},"excerpt":{"rendered":"<p>Los acoples ARPEX han demostrado su eficacia durante m\u00e1s de 30 a\u00f1os en todos los sectores t\u00e9cnicos en los que se requiere una transmisi\u00f3n de par fiable y libre de mantenimiento.<\/p>\n<p>Los acoples ARPEX unen ejes de m\u00e1quinas y compensan desalineaciones entre ejes generando fuerzas de reacci\u00f3n muy reducidas. Gracias al uso de l\u00e1minas hechas de acero para muelles y uniones por tornillo sin juego, el acople ARPEX es r\u00edgido a la torsi\u00f3n y no tiene juego de torsi\u00f3n.<\/p>\n<p>Todos los componentes del acople ARPEX est\u00e1n hechos de acero de gran calidad. Esto hace posible un dise\u00f1o robusto y compacto que garantiza un alto nivel de seguridad de funcionamiento y una larga vida \u00fatil. Gracias a la precisi\u00f3n con la que se fabrica, cuando est\u00e1 montado y funcionando, las fuerzas que act\u00faan sobre los componentes de la m\u00e1quina acoplados a \u00e9l son muy reducidas. Los acoples ARPEX se pueden utilizar para ambos sentidos de giro, por lo que tambi\u00e9n es apto para aplicaciones con inversi\u00f3n de la marcha.<\/p>\n","protected":false},"featured_media":3120,"comment_status":"closed","ping_status":"closed","template":"","meta":[],"product_brand":[88],"product_cat":[86,95],"product_tag":[],"class_list":{"0":"post-3118","1":"product","2":"type-product","3":"status-publish","4":"has-post-thumbnail","6":"product_brand-flender","7":"product_cat-acoples","8":"product_cat-acoples-rigidos","10":"first","11":"instock","12":"shipping-taxable","13":"product-type-simple"},"_links":{"self":[{"href":"https:\/\/agpazteca.com\/it\/wp-json\/wp\/v2\/product\/3118","targetHints":{"allow":["GET"]}}],"collection":[{"href":"https:\/\/agpazteca.com\/it\/wp-json\/wp\/v2\/product"}],"about":[{"href":"https:\/\/agpazteca.com\/it\/wp-json\/wp\/v2\/types\/product"}],"replies":[{"embeddable":true,"href":"https:\/\/agpazteca.com\/it\/wp-json\/wp\/v2\/comments?post=3118"}],"wp:featuredmedia":[{"embeddable":true,"href":"https:\/\/agpazteca.com\/it\/wp-json\/wp\/v2\/media\/3120"}],"wp:attachment":[{"href":"https:\/\/agpazteca.com\/it\/wp-json\/wp\/v2\/media?parent=3118"}],"wp:term":[{"taxonomy":"product_brand","embeddable":true,"href":"https:\/\/agpazteca.com\/it\/wp-json\/wp\/v2\/product_brand?post=3118"},{"taxonomy":"product_cat","embeddable":true,"href":"https:\/\/agpazteca.com\/it\/wp-json\/wp\/v2\/product_cat?post=3118"},{"taxonomy":"product_tag","embeddable":true,"href":"https:\/\/agpazteca.com\/it\/wp-json\/wp\/v2\/product_tag?post=3118"}],"curies":[{"name":"wp","href":"https:\/\/api.w.org\/{rel}","templated":true}]}}