{"id":3121,"date":"2026-02-24T20:01:21","date_gmt":"2026-02-24T20:01:21","guid":{"rendered":"https:\/\/agpazteca.com\/it\/?post_type=product&#038;p=3121"},"modified":"2026-02-24T21:22:06","modified_gmt":"2026-02-24T21:22:06","slug":"motorreductor-helicoidal","status":"publish","type":"product","link":"https:\/\/agpazteca.com\/it\/producto\/motorreductor-helicoidal\/","title":{"rendered":"Motorreductor Helicoidal"},"content":{"rendered":"<p><b>Aplicaciones T\u00edpicas<\/b><\/p>\n<p>Los motorreductores helicoidales\u00a0 son usados en transportadoras de rodillos, agitadores, unidades de mesa de rodillos, m\u00e1quinas para trabajar la madera, etc.<\/p>\n<p>&nbsp;<\/p>\n<table width=\"592\">\n<tbody>\n<tr>\n<td width=\"144\"><b>Modelo reductor<\/b><\/td>\n<td width=\"149\"><b>No.\u00a0<\/b><b>De etapas<\/b><\/td>\n<td width=\"149\"><b>Rango relaciones transmisi\u00f3n<\/b><\/td>\n<td width=\"149\"><b>Max.\u00a0<\/b><b>par nominal<\/b><\/td>\n<\/tr>\n<tr>\n<td width=\"144\"><b>E.38<\/b><\/td>\n<td width=\"149\">1<\/td>\n<td width=\"149\">1.59\u00a0\u2026\u00a09.33<\/td>\n<td width=\"149\">82\u00a0Nm<\/td>\n<\/tr>\n<tr>\n<td width=\"144\"><b>E.48<\/b><\/td>\n<td width=\"149\">1<\/td>\n<td width=\"149\">1.52\u00a0\u2026\u00a011.30<\/td>\n<td width=\"149\">170\u00a0Nm<\/td>\n<\/tr>\n<tr>\n<td width=\"144\"><b>E.68<\/b><\/td>\n<td width=\"149\">1<\/td>\n<td width=\"149\">1.41\u00a0\u2026\u00a012.40<\/td>\n<td width=\"149\">250\u00a0Nm<\/td>\n<\/tr>\n<tr>\n<td width=\"144\"><b>E.88<\/b><\/td>\n<td width=\"149\">1<\/td>\n<td width=\"149\">1.71\u00a0\u2026\u00a010.33<\/td>\n<td width=\"149\">450\u00a0Nm<\/td>\n<\/tr>\n<tr>\n<td width=\"144\"><b>E.108<\/b><\/td>\n<td width=\"149\">1<\/td>\n<td width=\"149\">1.81\u00a0\u2026\u00a05.46<\/td>\n<td width=\"149\">745\u00a0Nm<\/td>\n<\/tr>\n<tr>\n<td width=\"144\"><b>E.128<\/b><\/td>\n<td width=\"149\">1<\/td>\n<td width=\"149\">1.36\u00a0\u2026\u00a010.14<\/td>\n<td width=\"149\">1\u00a0000\u00a0Nm<\/td>\n<\/tr>\n<tr>\n<td width=\"144\"><b>E.148<\/b><\/td>\n<td width=\"149\">1<\/td>\n<td width=\"149\">1.64\u00a0\u2026\u00a013.67<\/td>\n<td width=\"149\">1\u00a0550\u00a0Nm<\/td>\n<\/tr>\n<tr>\n<td width=\"144\"><b>Z.18, D.18<\/b><\/td>\n<td width=\"149\">2, 3<\/td>\n<td width=\"149\">3.58\u00a0\u2026\u00a0200.36<\/td>\n<td width=\"149\">90\u00a0Nm<\/td>\n<\/tr>\n<tr>\n<td width=\"144\"><b>Z.28, D.28<\/b><\/td>\n<td width=\"149\">2, 3<\/td>\n<td width=\"149\">3.33\u00a0\u2026\u00a0241.05<\/td>\n<td width=\"149\">140\u00a0Nm<\/td>\n<\/tr>\n<tr>\n<td width=\"144\"><b>Z.38, D.38<\/b><\/td>\n<td width=\"149\">2, 3<\/td>\n<td width=\"149\">4.77\u00a0\u2026\u00a0191.75<\/td>\n<td width=\"149\">220\u00a0Nm<\/td>\n<\/tr>\n<tr>\n<td width=\"144\"><b>Z.48, D.48<\/b><\/td>\n<td width=\"149\">2, 3<\/td>\n<td width=\"149\">4.28\u00a0\u2026\u00a0208.77<\/td>\n<td width=\"149\">450\u00a0Nm<\/td>\n<\/tr>\n<tr>\n<td width=\"144\"><b>Z.68, D.68<\/b><\/td>\n<td width=\"149\">2, 3<\/td>\n<td width=\"149\">3.49\u00a0\u2026\u00a0281.01<\/td>\n<td width=\"149\">800\u00a0Nm<\/td>\n<\/tr>\n<tr>\n<td width=\"144\"><b>Z.88, D.88<\/b><\/td>\n<td width=\"149\">2, 3<\/td>\n<td width=\"149\">3.11\u00a0\u2026\u00a0300.41<\/td>\n<td width=\"149\">1\u00a0680\u00a0Nm<\/td>\n<\/tr>\n<tr>\n<td width=\"144\"><b>Z.108, D.108<\/b><\/td>\n<td width=\"149\">2, 3<\/td>\n<td width=\"149\">3.42\u00a0\u2026\u00a0359.30<\/td>\n<td width=\"149\">3\u00a0100\u00a0Nm<\/td>\n<\/tr>\n<tr>\n<td width=\"144\"><b>Z.128, D.128<\/b><\/td>\n<td width=\"149\">2, 3<\/td>\n<td width=\"149\">3.07\u00a0\u2026\u00a0268.16<\/td>\n<td width=\"149\">5\u00a0100\u00a0Nm<\/td>\n<\/tr>\n<tr>\n<td width=\"144\"><b>Z.148, D.148<\/b><\/td>\n<td width=\"149\">2, 3<\/td>\n<td width=\"149\">4.44\u00a0\u2026\u00a0336.11<\/td>\n<td width=\"149\">8\u00a0000\u00a0Nm<\/td>\n<\/tr>\n<tr>\n<td width=\"144\"><b>Z.168, D.168<\/b><\/td>\n<td width=\"149\">2, 3<\/td>\n<td width=\"149\">4.46\u00a0\u2026\u00a0341.61<\/td>\n<td width=\"149\">14\u00a0000\u00a0Nm<\/td>\n<\/tr>\n<tr>\n<td width=\"144\"><b>Z.188, D.188<\/b><\/td>\n<td width=\"149\">2, 3<\/td>\n<td width=\"149\">8.30\u00a0\u2026\u00a0243.82<\/td>\n<td width=\"149\">20\u00a0000\u00a0Nm<\/td>\n<\/tr>\n<\/tbody>\n<\/table>\n","protected":false},"excerpt":{"rendered":"<p>Los motorreductores helicoidales\u00a0 son la soluci\u00f3n convencional para su aplicaci\u00f3n de accionamiento. Son unidades coaxiales en que el eje de salida del reductor est\u00e1 en l\u00ednea con el eje del motor. Un eje s\u00f3lido se utiliza siempre como eje de salida.<\/p>\n<p>Componentes adicionales: ruedas o ruedas de cadena de engranaje. Por lo tanto, para transferir la fuerza a la carga accionada son obligatorios.<\/p>\n<p>Soluciones que utilizan motores helicoidales orientada son capaces de dar un rango de velocidad variable extrema. En muchos casos los motorreductores helicoidales representan la soluci\u00f3n m\u00e1s rentable para su tarea de accionamiento. Motorreductores helicoidales MOTOX est\u00e1n disponibles hasta el rango de potencia de 200 kW y una clasificaci\u00f3n de los pares de la unidad de engranajes hasta 20 \u00d7 103 Nm.<\/p>\n<p>Estos motorreductores est\u00e1n disponibles en las siguientes versiones:<\/p>\n<p>1.Montaje sobre patas.<\/p>\n<p>2.Dise\u00f1os con brida.<\/p>\n","protected":false},"featured_media":3130,"comment_status":"closed","ping_status":"closed","template":"","meta":[],"product_brand":[88],"product_cat":[98,97],"product_tag":[],"class_list":{"0":"post-3121","1":"product","2":"type-product","3":"status-publish","4":"has-post-thumbnail","6":"product_brand-flender","7":"product_cat-motorreductores-helicoidales","8":"product_cat-motorreductores-flender","10":"first","11":"instock","12":"shipping-taxable","13":"product-type-simple"},"_links":{"self":[{"href":"https:\/\/agpazteca.com\/it\/wp-json\/wp\/v2\/product\/3121","targetHints":{"allow":["GET"]}}],"collection":[{"href":"https:\/\/agpazteca.com\/it\/wp-json\/wp\/v2\/product"}],"about":[{"href":"https:\/\/agpazteca.com\/it\/wp-json\/wp\/v2\/types\/product"}],"replies":[{"embeddable":true,"href":"https:\/\/agpazteca.com\/it\/wp-json\/wp\/v2\/comments?post=3121"}],"wp:featuredmedia":[{"embeddable":true,"href":"https:\/\/agpazteca.com\/it\/wp-json\/wp\/v2\/media\/3130"}],"wp:attachment":[{"href":"https:\/\/agpazteca.com\/it\/wp-json\/wp\/v2\/media?parent=3121"}],"wp:term":[{"taxonomy":"product_brand","embeddable":true,"href":"https:\/\/agpazteca.com\/it\/wp-json\/wp\/v2\/product_brand?post=3121"},{"taxonomy":"product_cat","embeddable":true,"href":"https:\/\/agpazteca.com\/it\/wp-json\/wp\/v2\/product_cat?post=3121"},{"taxonomy":"product_tag","embeddable":true,"href":"https:\/\/agpazteca.com\/it\/wp-json\/wp\/v2\/product_tag?post=3121"}],"curies":[{"name":"wp","href":"https:\/\/api.w.org\/{rel}","templated":true}]}}