{"id":3125,"date":"2026-02-24T21:03:18","date_gmt":"2026-02-24T21:03:18","guid":{"rendered":"https:\/\/agpazteca.com\/it\/?post_type=product&#038;p=3125"},"modified":"2026-02-24T21:03:19","modified_gmt":"2026-02-24T21:03:19","slug":"motorreductor-conico-helicoidal","status":"publish","type":"product","link":"https:\/\/agpazteca.com\/it\/producto\/motorreductor-conico-helicoidal\/","title":{"rendered":"Motorreductor Conico Helicoidal"},"content":{"rendered":"<p>Se puede utilizar incluso en espacio de construcci\u00f3n estrecho.<\/p>\n<ul>\n<li>De alta gama de relaciones de transmisi\u00f3n (pi\u00f1\u00f3n plug-on).<\/li>\n<li>Energ\u00eda muy eficientes (eficiencias de 98% por etapa).<\/li>\n<li>Alta densidad de potencia.<\/li>\n<\/ul>\n<p><b>Construcci\u00f3n\u00a0<\/b><b>mec\u00e1nica<\/b><\/p>\n<ul>\n<li>Etapas: 2 o 3<\/li>\n<li>Dise\u00f1os con patas o con brida, brida de la carcasa, el dise\u00f1o con brazo de torsi\u00f3n.<\/li>\n<\/ul>\n<p>Dise\u00f1os eje:<\/p>\n<ul>\n<li>Eje s\u00f3lido.<\/li>\n<li>Eje hueco.<\/li>\n<li>Eje hueco con eje estriado.<\/li>\n<li>Eje hueco con anillo de contracci\u00f3n.<\/li>\n<\/ul>\n<p>&nbsp;<\/p>\n<div class=\"enigma_blog_full\">\n<div class=\"enigma_blog_post_content\">\n<p><b>Datos\u00a0<\/b><b>t\u00e9cnicos<\/b><b>\u00a0 \u00a0 \u00a0 \u00a0 \u00a0 \u00a0 \u00a0 \u00a0 \u00a0 \u00a0 \u00a0 \u00a0 \u00a0 \u00a0 \u00a0 \u00a0 \u00a0 \u00a0 \u00a0 \u00a0 2\u00a0<\/b><b>etapas<\/b><b>\u00a0 \u00a0 \u00a0 \u00a0 \u00a0 \u00a0 \u00a0 \u00a0 \u00a0 \u00a0 \u00a0 \u00a0 \u00a0 \u00a0 \u00a0 \u00a0 \u00a03\u00a0<\/b><b>etapas<\/b><\/p>\n<p>Modelo de reductor: \u00a0 \u00a0 \u00a0 \u00a0 \u00a0 \u00a0 \u00a0 \u00a0 \u00a0 \u00a0 \u00a0 \u00a0 \u00a0 \u00a0 \u00a0 \u00a0 \u00a0 \u00a0B..29\u00a0\u2026\u00a0B..49 (2-etapase) \u00a0 \u00a0 \u00a0K..39\u00a0\u2026\u00a0K..89 (3-etapas)<\/p>\n<p>Tama\u00f1o de reductor: \u00a0 \u00a0 \u00a0 \u00a0 \u00a0 \u00a0 \u00a0 \u00a0 \u00a0 \u00a0 \u00a0 \u00a0 \u00a0 \u00a0 \u00a0 \u00a0 \u00a0 3 \u00a0 \u00a0 \u00a0 \u00a0 \u00a0 \u00a0 \u00a0 \u00a0 \u00a0 \u00a0 \u00a0 \u00a0 \u00a0 \u00a0 \u00a0 \u00a0 \u00a0 \u00a0 \u00a0 \u00a0 \u00a0 \u00a0 \u00a0 \u00a0 \u00a05<\/p>\n<p>Rango de par (Nm): \u00a0 \u00a0 \u00a0 \u00a0 \u00a0 \u00a0 \u00a0 \u00a0 \u00a0 \u00a0 \u00a0 \u00a0 \u00a0 \u00a0 \u00a0 \u00a0 \u00a0 110\u00a0\u2026\u00a0450 \u00a0 \u00a0 \u00a0 \u00a0 \u00a0 \u00a0 \u00a0 \u00a0 \u00a0 \u00a0 \u00a0 \u00a0 \u00a0 \u00a0 \u00a0 \u00a0 \u00a0 \u00a0220\u00a0\u2026\u00a01\u00a0600<\/p>\n<p>Rango relaciones de transmisi\u00f3n: \u00a0 \u00a0 \u00a0 \u00a0 \u00a03.47\u00a0\u2026\u00a059.28 (2-etapas) \u00a0 \u00a0 \u00a0 \u00a0 \u00a0 \u00a05.17\u00a0\u2026\u00a0244.25 (3-etapas)<\/p>\n<p>Rango potencia del motor(kW): \u00a0 \u00a0 \u00a0 \u00a0 \u00a0 \u00a0 \u00a07.5 \u00a0 \u00a0 \u00a0 \u00a0 \u00a0 \u00a0 \u00a0 \u00a0 \u00a0 \u00a0 \u00a0 \u00a0 \u00a0 \u00a0 \u00a0 \u00a0 \u00a0 \u00a0 \u00a0 \u00a0 \u00a0 \u00a0 \u00a0 \u00a0 15<\/p>\n<\/div>\n<\/div>\n","protected":false},"excerpt":{"rendered":"<p><b>Aplicaciones\u00a0<\/b><b>T\u00edpicas<\/b><\/p>\n<ul>\n<li>Transportadora de equipaje<\/li>\n<li>Transporte de productos envasados<\/li>\n<li>Levantador de cuerda (log\u00edstica de almac\u00e9n)<\/li>\n<li>Unidades de carro<\/li>\n<li>Mezcladores<\/li>\n<\/ul>\n","protected":false},"featured_media":3126,"comment_status":"closed","ping_status":"closed","template":"","meta":[],"product_brand":[88],"product_cat":[100,97],"product_tag":[],"class_list":{"0":"post-3125","1":"product","2":"type-product","3":"status-publish","4":"has-post-thumbnail","6":"product_brand-flender","7":"product_cat-motorreductores-conico-helicoidal","8":"product_cat-motorreductores-flender","10":"first","11":"instock","12":"shipping-taxable","13":"product-type-simple"},"_links":{"self":[{"href":"https:\/\/agpazteca.com\/it\/wp-json\/wp\/v2\/product\/3125","targetHints":{"allow":["GET"]}}],"collection":[{"href":"https:\/\/agpazteca.com\/it\/wp-json\/wp\/v2\/product"}],"about":[{"href":"https:\/\/agpazteca.com\/it\/wp-json\/wp\/v2\/types\/product"}],"replies":[{"embeddable":true,"href":"https:\/\/agpazteca.com\/it\/wp-json\/wp\/v2\/comments?post=3125"}],"wp:featuredmedia":[{"embeddable":true,"href":"https:\/\/agpazteca.com\/it\/wp-json\/wp\/v2\/media\/3126"}],"wp:attachment":[{"href":"https:\/\/agpazteca.com\/it\/wp-json\/wp\/v2\/media?parent=3125"}],"wp:term":[{"taxonomy":"product_brand","embeddable":true,"href":"https:\/\/agpazteca.com\/it\/wp-json\/wp\/v2\/product_brand?post=3125"},{"taxonomy":"product_cat","embeddable":true,"href":"https:\/\/agpazteca.com\/it\/wp-json\/wp\/v2\/product_cat?post=3125"},{"taxonomy":"product_tag","embeddable":true,"href":"https:\/\/agpazteca.com\/it\/wp-json\/wp\/v2\/product_tag?post=3125"}],"curies":[{"name":"wp","href":"https:\/\/api.w.org\/{rel}","templated":true}]}}