{"id":3127,"date":"2026-02-24T21:06:00","date_gmt":"2026-02-24T21:06:00","guid":{"rendered":"https:\/\/agpazteca.com\/it\/?post_type=product&#038;p=3127"},"modified":"2026-02-24T21:19:17","modified_gmt":"2026-02-24T21:19:17","slug":"motorreductor-ejes-paralelos","status":"publish","type":"product","link":"https:\/\/agpazteca.com\/it\/producto\/motorreductor-ejes-paralelos\/","title":{"rendered":"Motorreductor Ejes Paralelos"},"content":{"rendered":"<ul>\n<li>Se puede utilizar incluso en espacios de construcci\u00f3n estrecho.<\/li>\n<li>De alta gama de relaciones de transmisi\u00f3n (pi\u00f1\u00f3n plug-on).<\/li>\n<li>Eje hueco en ambos lados posibles.<\/li>\n<li>Energ\u00eda muy eficientes (eficiencias de 98% por etapa).<\/li>\n<\/ul>\n<p><b>Construcci\u00f3n\u00a0<\/b><b>mec\u00e1nica<\/b><\/p>\n<ul>\n<li>Etapas: 2 \u00f3 3<\/li>\n<li>Dise\u00f1os con patas o con brida, brida de la carcasa, el dise\u00f1o con brazo de torsi\u00f3n: tipos de montaje<\/li>\n<li>Dise\u00f1os eje: eje s\u00f3lido, eje hueco, eje hueco con eje estriado, eje hueco con anillo de contracci\u00f3n<\/li>\n<\/ul>\n<p><b>Datos t\u00e9cnicos<\/b><\/p>\n<ul>\n<li>Modelo de reductor:\u00a0 \u00a0 \u00a0 \u00a0 \u00a0 \u00a0 \u00a0 \u00a0 \u00a0 \u00a0 \u00a0 \u00a0 \u00a0 \u00a0 \u00a0 \u00a0 \u00a0 \u00a0 FZ.29 \u2026 FZ.89 (2-etapas), FD.29 \u2026 FD.89 (3-etapas)<\/li>\n<li>Tama\u00f1o reductor:\u00a0 \u00a0 \u00a0 \u00a0 \u00a0 \u00a0 \u00a0 \u00a0 \u00a0 \u00a0 \u00a0 \u00a0 \u00a0 \u00a0 \u00a0 \u00a0 \u00a0 \u00a0 \u00a0 \u00a0 6<\/li>\n<li>Rango de par (Nm):\u00a0 \u00a0 \u00a0 \u00a0 \u00a0 \u00a0 \u00a0 \u00a0 \u00a0 \u00a0 \u00a0 \u00a0 \u00a0 \u00a0 \u00a0 \u00a0 \u00a0 \u00a0 150 \u2026 1 850<\/li>\n<li>Rango de las relaciones de transmisi\u00f3n : \u00a0 3.57\u00a0\u2026\u00a065.21 (2-etapas), 46.36\u00a0 \u2026\u00a0357.00 (3-etapas)<\/li>\n<li>Rango de potencia del motor (kW): \u00a0 \u00a0 \u00a0 \u00a0 \u00a0 \u00a015<\/li>\n<\/ul>\n","protected":false},"excerpt":{"rendered":"<p><b>Aplicaciones<\/b><\/p>\n<ul>\n<li>Unidades agitadoras<\/li>\n<li>Unidades de carro<\/li>\n<li>Equipos de acceso estanter\u00eda<\/li>\n<li>Transportador vertical<\/li>\n<\/ul>\n","protected":false},"featured_media":3128,"comment_status":"closed","ping_status":"closed","template":"","meta":[],"product_brand":[88],"product_cat":[99,97],"product_tag":[],"class_list":{"0":"post-3127","1":"product","2":"type-product","3":"status-publish","4":"has-post-thumbnail","6":"product_brand-flender","7":"product_cat-motorreductores-ejes-paralelos","8":"product_cat-motorreductores-flender","10":"first","11":"instock","12":"shipping-taxable","13":"product-type-simple"},"_links":{"self":[{"href":"https:\/\/agpazteca.com\/it\/wp-json\/wp\/v2\/product\/3127","targetHints":{"allow":["GET"]}}],"collection":[{"href":"https:\/\/agpazteca.com\/it\/wp-json\/wp\/v2\/product"}],"about":[{"href":"https:\/\/agpazteca.com\/it\/wp-json\/wp\/v2\/types\/product"}],"replies":[{"embeddable":true,"href":"https:\/\/agpazteca.com\/it\/wp-json\/wp\/v2\/comments?post=3127"}],"wp:featuredmedia":[{"embeddable":true,"href":"https:\/\/agpazteca.com\/it\/wp-json\/wp\/v2\/media\/3128"}],"wp:attachment":[{"href":"https:\/\/agpazteca.com\/it\/wp-json\/wp\/v2\/media?parent=3127"}],"wp:term":[{"taxonomy":"product_brand","embeddable":true,"href":"https:\/\/agpazteca.com\/it\/wp-json\/wp\/v2\/product_brand?post=3127"},{"taxonomy":"product_cat","embeddable":true,"href":"https:\/\/agpazteca.com\/it\/wp-json\/wp\/v2\/product_cat?post=3127"},{"taxonomy":"product_tag","embeddable":true,"href":"https:\/\/agpazteca.com\/it\/wp-json\/wp\/v2\/product_tag?post=3127"}],"curies":[{"name":"wp","href":"https:\/\/api.w.org\/{rel}","templated":true}]}}