{"id":3133,"date":"2026-02-24T21:37:12","date_gmt":"2026-02-24T21:37:12","guid":{"rendered":"https:\/\/agpazteca.com\/it\/?post_type=product&#038;p=3133"},"modified":"2026-02-24T22:08:16","modified_gmt":"2026-02-24T22:08:16","slug":"motorreductor-sinfin-corona","status":"publish","type":"product","link":"https:\/\/agpazteca.com\/it\/producto\/motorreductor-sinfin-corona\/","title":{"rendered":"Motorreductor Sinfin Corona"},"content":{"rendered":"<p><b>El\u00a0<\/b><b>motorreductor<\/b><b>\u00a0angular compacto\u00a0<\/b><b>sencillo<\/b><\/p>\n<p>Son motorreductores angulares de una sola etapa\u00a0 con engranajes sinf\u00edn de alto rendimiento. Representan la soluci\u00f3n que ahorra espacio para aplicaciones sencillas en el rango de par bajo como resultado de su dise\u00f1o compacto con baja altura.<\/p>\n<p>Se pueden adaptar individualmente a muchas situaciones de accionamiento debido a la amplia gama de ejes de salida y las posibilidades de montaje. Los motorreductores sinf\u00edn corona est\u00e1n disponibles en un rango de potencia de hasta 0,75 kW y torque nominal de salida de\u00a0 hasta 80 Nm.<\/p>\n<p>Los motorreductores est\u00e1n disponibles en las siguientes versiones:<\/p>\n<ul>\n<li>Montaje sobre patas o dise\u00f1os con brida.<\/li>\n<li>Dise\u00f1o con brazo de reacci\u00f3n.<\/li>\n<li>Eje macizo o dise\u00f1os de eje hueco.<\/li>\n<\/ul>\n<table width=\"834\">\n<tbody>\n<tr>\n<td width=\"208\"><b>Modelo de reductor<\/b><\/td>\n<td width=\"208\"><b>No.\u00a0<\/b><b>De etapas<\/b><\/td>\n<td width=\"208\"><b>Rango<\/b><b>\u00a0relaci\u00f3n de transmisi\u00f3n<\/b><\/td>\n<td width=\"208\"><b>Max.\u00a0<\/b><b>par nominal<\/b><\/td>\n<\/tr>\n<tr>\n<td width=\"208\"><b>S.08<\/b><\/td>\n<td width=\"208\">1<\/td>\n<td width=\"208\">5\u00a0\u2026\u00a080<\/td>\n<td width=\"208\">28\u00a0Nm<\/td>\n<\/tr>\n<tr>\n<td width=\"208\"><b>S.18<\/b><\/td>\n<td width=\"208\">1<\/td>\n<td width=\"208\">5\u00a0\u2026\u00a080<\/td>\n<td width=\"208\">44\u00a0Nm<\/td>\n<\/tr>\n<tr>\n<td width=\"208\"><b>S.28<\/b><\/td>\n<td width=\"208\">1<\/td>\n<td width=\"208\">5\u00a0\u2026\u00a0100<\/td>\n<td width=\"208\">80\u00a0Nm<\/td>\n<\/tr>\n<\/tbody>\n<\/table>\n","protected":false},"excerpt":{"rendered":"<p><b>Aplicaciones T\u00edpicas<\/b><\/p>\n<p>Los motorreductores sinf\u00edn corona son usados en la industria de alimentos y bebidas.<\/p>\n","protected":false},"featured_media":3134,"comment_status":"closed","ping_status":"closed","template":"","meta":[],"product_brand":[88],"product_cat":[97,102],"product_tag":[],"class_list":{"0":"post-3133","1":"product","2":"type-product","3":"status-publish","4":"has-post-thumbnail","6":"product_brand-flender","7":"product_cat-motorreductores-flender","8":"product_cat-motorreductor-sinfin-corona","10":"first","11":"instock","12":"shipping-taxable","13":"product-type-simple"},"_links":{"self":[{"href":"https:\/\/agpazteca.com\/it\/wp-json\/wp\/v2\/product\/3133","targetHints":{"allow":["GET"]}}],"collection":[{"href":"https:\/\/agpazteca.com\/it\/wp-json\/wp\/v2\/product"}],"about":[{"href":"https:\/\/agpazteca.com\/it\/wp-json\/wp\/v2\/types\/product"}],"replies":[{"embeddable":true,"href":"https:\/\/agpazteca.com\/it\/wp-json\/wp\/v2\/comments?post=3133"}],"wp:featuredmedia":[{"embeddable":true,"href":"https:\/\/agpazteca.com\/it\/wp-json\/wp\/v2\/media\/3134"}],"wp:attachment":[{"href":"https:\/\/agpazteca.com\/it\/wp-json\/wp\/v2\/media?parent=3133"}],"wp:term":[{"taxonomy":"product_brand","embeddable":true,"href":"https:\/\/agpazteca.com\/it\/wp-json\/wp\/v2\/product_brand?post=3133"},{"taxonomy":"product_cat","embeddable":true,"href":"https:\/\/agpazteca.com\/it\/wp-json\/wp\/v2\/product_cat?post=3133"},{"taxonomy":"product_tag","embeddable":true,"href":"https:\/\/agpazteca.com\/it\/wp-json\/wp\/v2\/product_tag?post=3133"}],"curies":[{"name":"wp","href":"https:\/\/api.w.org\/{rel}","templated":true}]}}