{"id":3333,"date":"2026-02-25T20:16:57","date_gmt":"2026-02-25T20:16:57","guid":{"rendered":"https:\/\/agpazteca.com\/it\/?post_type=product&#038;p=3333"},"modified":"2026-02-25T20:18:25","modified_gmt":"2026-02-25T20:18:25","slug":"motores-ac-wolong-ie3","status":"publish","type":"product","link":"https:\/\/agpazteca.com\/it\/producto\/motores-ac-wolong-ie3\/","title":{"rendered":"Motores AC Wolong IE3"},"content":{"rendered":"<table width=\"1326\" cellspacing=\"0\" cellpadding=\"0\">\n<tbody>\n<tr class=\"firstRow\">\n<td width=\"178\" height=\"34\"><strong>Series<\/strong><\/td>\n<td width=\"647\" height=\"34\">WE3<\/td>\n<td colspan=\"1\" rowspan=\"1\" valign=\"null\" width=\"172\" height=\"34\"><strong>Voltages<\/strong><\/td>\n<td colspan=\"1\" rowspan=\"1\" valign=\"null\" width=\"648\" height=\"34\">200-690V line and inverter operation<\/td>\n<\/tr>\n<tr>\n<td width=\"178\" height=\"32\"><strong>Frame size<\/strong><\/td>\n<td width=\"647\" height=\"32\">56\u00a0\u2013 355<\/td>\n<td colspan=\"1\" rowspan=\"1\" valign=\"null\" width=\"172\"><strong>Frame construction<\/strong><\/td>\n<td colspan=\"1\" rowspan=\"1\" valign=\"null\" width=\"648\">Aluminium and Cast iron<\/td>\n<\/tr>\n<tr>\n<td width=\"178\" height=\"32\"><strong>Power output<\/strong><\/td>\n<td width=\"647\" height=\"32\">0,06 \u2013 315kW<\/td>\n<td colspan=\"1\" rowspan=\"1\" valign=\"null\" width=\"172\"><strong>Degree of protection<\/strong><\/td>\n<td colspan=\"1\" rowspan=\"1\" valign=\"null\" width=\"648\">IP55, IP56, IP65, IP66<\/td>\n<\/tr>\n<tr>\n<td width=\"178\"><strong>Mounting arrangements<\/strong><\/td>\n<td width=\"647\">B3, V5, V6, B5, V1, V3, B35<\/td>\n<td colspan=\"1\" rowspan=\"1\" valign=\"null\" width=\"172\"><strong>Temperature class<\/strong><\/td>\n<td colspan=\"1\" rowspan=\"1\" valign=\"null\" width=\"648\">155 (F) according to 130 (B) or 180 (H) according to 155 (F)<\/td>\n<\/tr>\n<tr>\n<td width=\"178\" height=\"32\"><strong>Efficiency class<\/strong><\/td>\n<td width=\"647\" height=\"32\">IE3<\/td>\n<td colspan=\"1\" rowspan=\"1\" valign=\"null\" width=\"172\"><strong>Cooling method<\/strong><\/td>\n<td colspan=\"1\" rowspan=\"1\" valign=\"null\" width=\"648\">IC411, IC410, IC416, IC418<\/td>\n<\/tr>\n<tr>\n<td width=\"178\" height=\"32\"><strong>Number of poles<\/strong><\/td>\n<td width=\"647\" height=\"32\">2, 4, 6, 8, 10<\/td>\n<td colspan=\"1\" rowspan=\"1\" valign=\"null\" width=\"172\"><strong>Certificates<\/strong><\/td>\n<td colspan=\"1\" rowspan=\"1\" valign=\"null\" width=\"648\">CE<\/td>\n<\/tr>\n<\/tbody>\n<\/table>\n","protected":false},"excerpt":{"rendered":"<p>Motor as\u00edncrono trif\u00e1sico de alta eficiencia y baja tensi\u00f3n WE3.<\/p>\n<p>El motor as\u00edncrono trif\u00e1sico de ultra alta eficiencia de la serie WE3 es un producto innovador y mejorado. Su eficiencia cumple con el est\u00e1ndar de eficiencia energ\u00e9tica de nivel 2 de la norma GB 18613-2012 y el est\u00e1ndar de eficiencia IE3.<\/p>\n","protected":false},"featured_media":3334,"comment_status":"closed","ping_status":"closed","template":"","meta":[],"product_brand":[123],"product_cat":[107,122],"product_tag":[],"class_list":{"0":"post-3333","1":"product","2":"type-product","3":"status-publish","4":"has-post-thumbnail","6":"product_brand-wolong","7":"product_cat-motores-electricos-ac","8":"product_cat-wolong","10":"first","11":"instock","12":"shipping-taxable","13":"product-type-simple"},"_links":{"self":[{"href":"https:\/\/agpazteca.com\/it\/wp-json\/wp\/v2\/product\/3333","targetHints":{"allow":["GET"]}}],"collection":[{"href":"https:\/\/agpazteca.com\/it\/wp-json\/wp\/v2\/product"}],"about":[{"href":"https:\/\/agpazteca.com\/it\/wp-json\/wp\/v2\/types\/product"}],"replies":[{"embeddable":true,"href":"https:\/\/agpazteca.com\/it\/wp-json\/wp\/v2\/comments?post=3333"}],"wp:featuredmedia":[{"embeddable":true,"href":"https:\/\/agpazteca.com\/it\/wp-json\/wp\/v2\/media\/3334"}],"wp:attachment":[{"href":"https:\/\/agpazteca.com\/it\/wp-json\/wp\/v2\/media?parent=3333"}],"wp:term":[{"taxonomy":"product_brand","embeddable":true,"href":"https:\/\/agpazteca.com\/it\/wp-json\/wp\/v2\/product_brand?post=3333"},{"taxonomy":"product_cat","embeddable":true,"href":"https:\/\/agpazteca.com\/it\/wp-json\/wp\/v2\/product_cat?post=3333"},{"taxonomy":"product_tag","embeddable":true,"href":"https:\/\/agpazteca.com\/it\/wp-json\/wp\/v2\/product_tag?post=3333"}],"curies":[{"name":"wp","href":"https:\/\/api.w.org\/{rel}","templated":true}]}}