{"id":3468,"date":"2026-02-27T12:53:55","date_gmt":"2026-02-27T12:53:55","guid":{"rendered":"https:\/\/agpazteca.com\/it\/?post_type=product&#038;p=3468"},"modified":"2026-02-27T12:53:55","modified_gmt":"2026-02-27T12:53:55","slug":"motores-vem","status":"publish","type":"product","link":"https:\/\/agpazteca.com\/it\/producto\/motores-vem\/","title":{"rendered":"Motores VEM"},"content":{"rendered":"<table width=\"490\">\n<tbody>\n<tr>\n<td width=\"245\">Tama\u00f1os<\/td>\n<td width=\"245\">56 \u2013 315<\/td>\n<\/tr>\n<tr>\n<td width=\"245\">Rango potencia<\/td>\n<td width=\"245\">0.06 \u2013 132 kW<\/td>\n<\/tr>\n<tr>\n<td width=\"245\">Clases de eficiencia de acuerdo con IEC 60034-30<\/td>\n<td width=\"245\">\u2022Teniendo en cuentaVO(EG) 640\/2009, estos motores est\u00e1n disponibles en los siguientes dise\u00f1os y configuraciones:<br \/>\nsin clasificaci\u00f3n de eficiencia,\u2022Eficiencia est\u00e1ndarIE1,\u2022Alta Eficiencia IE2, y\u2022Eficiencia Premium IE3<\/td>\n<\/tr>\n<tr>\n<td width=\"245\">Velocidades<\/td>\n<td width=\"245\">3,000; 1,500; 1,000; 750; 600; 500 r.p.m., menores velocidades disponibles bajo pedido, dise\u00f1os de polos intercambiables disponibles para muchas combinaciones de velocidad, tales como devanados Dahlander 4-2, 8-4, 12-6-polos o 6-4, 8-2, 8-6 y 12-4-polos con dos devanados separados,\u00a0 por ejeplo, con tres velocidades como\u00a0 8-4-2 or 8-6-4 resp., o con 4 velocidades 12-8-6-4-polos<\/td>\n<\/tr>\n<tr>\n<td width=\"245\">Tipos de protecci\u00f3n<\/td>\n<td width=\"245\">IP 55, opcionalmente IP 56, IP 65 de acuerdo con EN 60034-5 (IEC 60034-5)<\/td>\n<\/tr>\n<tr>\n<td width=\"245\">Modelo dise\u00f1o<\/td>\n<td width=\"245\">IM B3, IM B35, IM B5, IM B14, IM B34 y dise\u00f1os derivados de acuerdo con EN 60034-7<\/td>\n<\/tr>\n<tr>\n<td width=\"245\">Tipos de enfriamiento<\/td>\n<td width=\"245\">\u2022De acuerdo con EN 60034-6 (IEC 60034-6)<br \/>\nautoventilado IC, 411\u2022Ventilaci\u00f3n forzada, IC 416\u2022No ventilado IC 410<\/td>\n<\/tr>\n<tr>\n<td width=\"245\">Temperatura del refrigerante \/ altitud de sitio<\/td>\n<td width=\"245\">Como caracter\u00edstica est\u00e1ndar, -20 \u00b0 C a 40 \u00b0 C, opcionalmente -40 \u00b0 C a 60 \u00b0 C, altitud de sitio de 1000 metros sobre el nivel del mar<\/td>\n<\/tr>\n<\/tbody>\n<\/table>\n","protected":false},"excerpt":{"rendered":"<p>Energ\u00eda eficiente y no contaminante,\u00a0estos motores est\u00e1n dise\u00f1ados para funcionar con un convertidor de frecuencia\u00a0dise\u00f1ado de acuerdo con la norma EN 60034 (IEC 60072)<\/p>\n<p>dimensiones y la asignaci\u00f3n de la producci\u00f3n de montaje de acuerdo con la norma DIN 42673, 42677, o progresiva\u00a0robusta baja vibraci\u00f3n dise\u00f1o en hierro fundido gris.<\/p>\n<p>Tipo de protecci\u00f3n IP 55, mayores tipos de protecci\u00f3n hasta e incluyendo 65 IP disponibles bajo pedido\u00a0clase t\u00e9rmica 155 (F), que incluye reserva t\u00e9rmica, 180 (H) disponible como opci\u00f3n.<\/p>\n<p>Caja de bornes opcionalmente dispuesta en la parte superior, a la derecha o la izquierda\u00a0muchas modificaciones disponibles.<\/p>\n","protected":false},"featured_media":3470,"comment_status":"closed","ping_status":"closed","template":"","meta":[],"product_brand":[124],"product_cat":[107,110],"product_tag":[],"class_list":{"0":"post-3468","1":"product","2":"type-product","3":"status-publish","4":"has-post-thumbnail","6":"product_brand-vem","7":"product_cat-motores-electricos-ac","8":"product_cat-motores-electricos-vem","10":"first","11":"instock","12":"shipping-taxable","13":"product-type-simple"},"_links":{"self":[{"href":"https:\/\/agpazteca.com\/it\/wp-json\/wp\/v2\/product\/3468","targetHints":{"allow":["GET"]}}],"collection":[{"href":"https:\/\/agpazteca.com\/it\/wp-json\/wp\/v2\/product"}],"about":[{"href":"https:\/\/agpazteca.com\/it\/wp-json\/wp\/v2\/types\/product"}],"replies":[{"embeddable":true,"href":"https:\/\/agpazteca.com\/it\/wp-json\/wp\/v2\/comments?post=3468"}],"wp:featuredmedia":[{"embeddable":true,"href":"https:\/\/agpazteca.com\/it\/wp-json\/wp\/v2\/media\/3470"}],"wp:attachment":[{"href":"https:\/\/agpazteca.com\/it\/wp-json\/wp\/v2\/media?parent=3468"}],"wp:term":[{"taxonomy":"product_brand","embeddable":true,"href":"https:\/\/agpazteca.com\/it\/wp-json\/wp\/v2\/product_brand?post=3468"},{"taxonomy":"product_cat","embeddable":true,"href":"https:\/\/agpazteca.com\/it\/wp-json\/wp\/v2\/product_cat?post=3468"},{"taxonomy":"product_tag","embeddable":true,"href":"https:\/\/agpazteca.com\/it\/wp-json\/wp\/v2\/product_tag?post=3468"}],"curies":[{"name":"wp","href":"https:\/\/api.w.org\/{rel}","templated":true}]}}