{"id":3474,"date":"2026-02-27T13:22:52","date_gmt":"2026-02-27T13:22:52","guid":{"rendered":"https:\/\/agpazteca.com\/it\/?post_type=product&#038;p=3474"},"modified":"2026-02-27T13:30:25","modified_gmt":"2026-02-27T13:30:25","slug":"motores-menzel-media-tension","status":"publish","type":"product","link":"https:\/\/agpazteca.com\/it\/producto\/motores-menzel-media-tension\/","title":{"rendered":"Motores Menzel Media Tensi\u00f3n"},"content":{"rendered":"<p><b>De manera est\u00e1ndar se fabrican motores de alta tensi\u00f3n en las siguientes formas constructivas:<\/b><\/p>\n<ul>\n<li title=\"\" data-original-title=\"\">Forma constructiva IM B3 para montaje horizontal.<\/li>\n<li title=\"\" data-original-title=\"\">Forma constructiva IM V1 para montaje vertical.<\/li>\n<\/ul>\n<p class=\"bodytext\"><b>Los modos de refrigeraci\u00f3n habituales son:<\/b><\/p>\n<ul>\n<li title=\"\" data-original-title=\"\">IC 411 (refrigeraci\u00f3n por aletas).<\/li>\n<li title=\"\" data-original-title=\"\">IC 611 (con intercambiador de calor refrigerado por aire).<\/li>\n<li title=\"\" data-original-title=\"\">IC 81 W (con intercambiador de calor refrigerado por aire y agua).<\/li>\n<li title=\"\" data-original-title=\"\">IC 01 (refrigeraci\u00f3n por corriente de aire).<\/li>\n<\/ul>\n<p class=\"bodytext\"><b>Los tipos de protecci\u00f3n habituales son:<\/b><\/p>\n<ul>\n<li title=\"\" data-original-title=\"\">IP 55 (completamente cerrado).<\/li>\n<li title=\"\" data-original-title=\"\">IP 23 (m\u00e1quina abierta, refrigeraci\u00f3n por corriente de aire, protecci\u00f3n contra gotas de agua, s\u00f3lo apto para instalaciones en espacios interiores).<\/li>\n<\/ul>\n<p class=\"bodytext\"><b>Condiciones de entorno seg\u00fan norma IEC (tambi\u00e9n son posibles condiciones diferentes ):<\/b><\/p>\n<ul>\n<li title=\"\" data-original-title=\"\">M\u00e1x. temperatura ambiental 40\u00b0C.<\/li>\n<li title=\"\" data-original-title=\"\">Ninguna exposici\u00f3n directa a la luz del sol.<\/li>\n<li title=\"\" data-original-title=\"\">M\u00e1x. humedad relativa del aire 95 %<\/li>\n<li title=\"\" data-original-title=\"\">Altura m\u00e1x. de instalaci\u00f3n 1000 m sobre el nivel del mar.<\/li>\n<li title=\"\" data-original-title=\"\">Estabilidad de tensi\u00f3n: \u00b1 5 %.<\/li>\n<li title=\"\" data-original-title=\"\">Estabilidad de frecuencia: \u00b1 2 %.<\/li>\n<\/ul>\n","protected":false},"excerpt":{"rendered":"<p>Menzel Elektromotoren fabrica\u00a0continuamente motores de media\u00a0tensi\u00f3n con rotor bobinado o jaula de ardilla\u00a0para tensiones nominales de 3 kV hasta 11 kV.<\/p>\n<p>Siendo posibles tambi\u00e9n diferentes tensiones nominales de hasta 13,8 kV.<\/p>\n<p>Las frecuencias est\u00e1ndar son de 50 y 60 Hz.<\/p>\n","protected":false},"featured_media":3475,"comment_status":"closed","ping_status":"closed","template":"","meta":[],"product_brand":[126],"product_cat":[111,107],"product_tag":[],"class_list":{"0":"post-3474","1":"product","2":"type-product","3":"status-publish","4":"has-post-thumbnail","6":"product_brand-menzel","7":"product_cat-motores-electricos-mezel","8":"product_cat-motores-electricos-ac","10":"first","11":"instock","12":"shipping-taxable","13":"product-type-simple"},"_links":{"self":[{"href":"https:\/\/agpazteca.com\/it\/wp-json\/wp\/v2\/product\/3474","targetHints":{"allow":["GET"]}}],"collection":[{"href":"https:\/\/agpazteca.com\/it\/wp-json\/wp\/v2\/product"}],"about":[{"href":"https:\/\/agpazteca.com\/it\/wp-json\/wp\/v2\/types\/product"}],"replies":[{"embeddable":true,"href":"https:\/\/agpazteca.com\/it\/wp-json\/wp\/v2\/comments?post=3474"}],"wp:featuredmedia":[{"embeddable":true,"href":"https:\/\/agpazteca.com\/it\/wp-json\/wp\/v2\/media\/3475"}],"wp:attachment":[{"href":"https:\/\/agpazteca.com\/it\/wp-json\/wp\/v2\/media?parent=3474"}],"wp:term":[{"taxonomy":"product_brand","embeddable":true,"href":"https:\/\/agpazteca.com\/it\/wp-json\/wp\/v2\/product_brand?post=3474"},{"taxonomy":"product_cat","embeddable":true,"href":"https:\/\/agpazteca.com\/it\/wp-json\/wp\/v2\/product_cat?post=3474"},{"taxonomy":"product_tag","embeddable":true,"href":"https:\/\/agpazteca.com\/it\/wp-json\/wp\/v2\/product_tag?post=3474"}],"curies":[{"name":"wp","href":"https:\/\/api.w.org\/{rel}","templated":true}]}}